{"id":1285,"date":"2009-10-01T21:52:34","date_gmt":"2009-10-01T19:52:34","guid":{"rendered":"https:\/\/www.oljo.de\/blog\/?page_id=1285"},"modified":"2009-10-01T21:52:34","modified_gmt":"2009-10-01T19:52:34","slug":"top-10-groste-hits-deutschland-groste-schlager-seit-1949","status":"publish","type":"page","link":"https:\/\/www.oljo.de\/blog\/top-10-groste-hits-deutschland-groste-schlager-seit-1949\/","title":{"rendered":"Top 10 gr\u00f6\u00dfte Hits Deutschland &#8211; gr\u00f6\u00dfte Schlager seit 1949"},"content":{"rendered":"<p>Aus Anla\u00df des Tags der Deutschen Einheit am 03.10.2009 hat der Fernsehsender ARD seine Zuschauer befragt, welche deutschen Schlager bzw. Popsongs, die seit Gr\u00fcndung der Bundesrepublik ver\u00f6ffentlicht wurden, die beliebtesten sind. Ergebnis war eine Top 30 Liste, die auch Hits aus den heutigen Bundesl\u00e4ndern enth\u00e4lt, die fr\u00fcher die &#8222;DDR&#8220; ausmachten. In der Liste sind nur deutsche, oder deutschsprachige Interpreten vertreten, die auf deutsch, oder englisch singen.<\/p>\n<p><strong>Top 10 der beliebtesten Hits in Deutschland seit 1949:<\/strong><br \/>\nDie absoluten gr\u00f6\u00dften deutschen Schlager Hits und Popsongs der Nachkriegsgeschichte nach Ansicht der ARD Zuschauer sind die folgenden:<\/p>\n<p>Platz 10 der Liste der beliebteste Schlager belegt<\/p>\n<p><b>The Scorpions<\/b> aus Hannover mit<br \/>\n<b>Wind Of Change<\/b><br \/>\nDer Song stammt aus dem Jahr 1990 und ist untrennbar mit der deutschen, aber auch europ\u00e4ischen Wiedervereinigungsgeschichte verbunden.<\/p>\n<hr \/>\n<p>Platz 9 geht an<\/p>\n<p><b>DJ \u00d6tzi<\/b> aus dem Salzburger Land, \u00d6sterreich<br \/>\nmit dem Mega Hit<br \/>\n<b>Ein Stern (Der Deinen Namen Tr\u00e4gt)<\/b><\/p>\n<hr \/>\n<p>Platz 8 ist einer der ewigen Karnevalssongs der Band<br \/>\n<b>Die H\u00f6hner<\/b> aus K\u00f6ln<br \/>\nmit dem Gassenhauer<br \/>\n<b>Viva Colonia<\/b> (da simmer dabei, das ist prima)<\/p>\n<hr \/>\n<p>Platz 7 erobert beim ARD Publikum die durch ihre Teilnahme beim Eurovision Song Contest ber\u00fchmt gewordene Formation<br \/>\n<b>Dschinghis Khan<\/b><br \/>\nmit ihrem Disco Song aus dem Jahr 1979<br \/>\n<b>Dschinghis Khan<\/b><\/p>\n<hr \/>\n<p>Platz 6 f\u00fcr Schlagerstar<br \/>\n<b>Andrea Berg<\/b><br \/>\nmit<br \/>\n<b>Du Hast Mich Tausendmal Belogen<\/b> aus dem Jahr 2001<\/p>\n<hr \/>\n<p>Platz 5 geht \u00fcberraschend an die Band<br \/>\n<b>Sportffreunde Stiller<\/b> und ihrem Song der w\u00e4hrend der Fussball WM 2006 Platz 1 der deutschen Charts belegte:<br \/>\n<b>54 74 90 2006<\/b><\/p>\n<hr \/>\n<p>Platz 4 erreicht Schlagerlegende<br \/>\n<b>Katja Ebstein<\/b> mit<br \/>\n<b>Wunder Gibt es Immer Wieder<\/b>, ein Hit im Jahr 1970, der sich zu einem der gr\u00f6\u00dften deutschen Schlager aller Zeiten entwickelte.<\/p>\n<hr \/>\n<p>Platz 3 besorgten die Fans der deutschen Popgruppe<br \/>\n<b>Tokio Hotel<\/b> die kr\u00e4ftig f\u00fcr den Hit<br \/>\n<b>Durch Den Monsum<\/b> stimmten. Es ist der einer der Songs der Liste, der bei Verkaufszahlen in Deutschland kein Single-Gold erreicht hat.<\/p>\n<hr \/>\n<p>Platz 2 geht an den aktuellsten deutschen Schlagerstar<br \/>\n<b>Helen Fischer<\/b><br \/>\nmit <b>Mitten Im Paradies<\/b> (als Single wenig erfolgreich, kein Gold in Deutschland)<\/p>\n<hr \/>\n<p>Nummer 1 als beliebtester deutscher Schlager ist von der &#8222;DDR&#8220; Band<br \/>\n<b>Karat<\/b> und ihrem Evergreen<br \/>\n<b>\u00dcber 7 Br\u00fccken Musst Du Gehen<\/b>. Es ist der meistverkaufte Song der DDR Musikgeschichte. Peter Maffay hat mit der gleichnamigen Coverversion in der alten Bundesrepublik Gold erreicht.<\/p>\n<p>Insgesamt sind die Top 10 der beliebtesten Hits der Deutschen eine interessante Liste, deren Aussagekraft aber ein wenig durch Fanvotings beeintr\u00e4chtigt wurde.<\/p>\n","protected":false},"excerpt":{"rendered":"<p>Aus Anla\u00df des Tags der Deutschen Einheit am 03.10.2009 hat der Fernsehsender ARD seine Zuschauer befragt, welche deutschen Schlager bzw. Popsongs, die seit Gr\u00fcndung der Bundesrepublik ver\u00f6ffentlicht wurden, die beliebtesten&#8230;<\/p>\n","protected":false},"author":2,"featured_media":0,"parent":0,"menu_order":0,"comment_status":"open","ping_status":"closed","template":"","meta":{"footnotes":""},"class_list":["post-1285","page","type-page","status-publish","hentry"],"jetpack-related-posts":[{"id":7281,"url":"https:\/\/www.oljo.de\/blog\/oljo-blog-allzeit-top30-news\/","url_meta":{"origin":1285,"position":0},"title":"Top 30 Allzeit News","author":"OLJO-Team","date":"3. Mai 2012","format":false,"excerpt":"Hier die Liste der von den Besuchern des OLJO Blogs (https:\/\/www.oljo.de\/blog) meistgelesenen Newsartikel ever (Zeitraum 01.01.2009 bis 02.05.2012), sowie eine kleine Besucherstatistik. In dem genannten Zeitraum vermittelte OLJO Blog insgesamt 4.255.127 Seitenaufrufe. Herkunft der Besucher, die Seiten beim OLJO Blog mindestens 1 Seite aufgerufen haben: 87,1% stammten aus Deutschland, 3,5%\u2026","rel":"","context":"\u00c4hnlicher Beitrag","block_context":{"text":"\u00c4hnlicher Beitrag","link":""},"img":{"alt_text":"","src":"","width":0,"height":0},"classes":[]},{"id":9626,"url":"https:\/\/www.oljo.de\/blog\/deutsche-musik-stars-2014-meiste-facebook-likes-januar2014\/","url_meta":{"origin":1285,"position":1},"title":"Deutsche Musik Stars mit meisten Facebook Likes 2014 \/ Januar","author":"OLJO-Team","date":"30. Januar 2014","format":false,"excerpt":"OLJO pr\u00e4sentiert die offizielle Liste: bei Facebook beliebteste deutsche Musik Stars 2014 (Januar 2014) Stand der Datenerhebung ist der 29.01.2014. Beliebtheitsma\u00dfstab ist die Zahl der auf den jeweiligen offiziellen Profilen von Facebook angegeben Zahl der 'Likes'. Aktivit\u00e4tsindex: Grundlage ist der 'sprechen dar\u00fcber Wert' in der Woche 24.01. bis 30.01.14: Die\u2026","rel":"","context":"\u00c4hnlicher Beitrag","block_context":{"text":"\u00c4hnlicher Beitrag","link":""},"img":{"alt_text":"","src":"","width":0,"height":0},"classes":[]},{"id":7301,"url":"https:\/\/www.oljo.de\/blog\/radio-statistik-2012-die-grosten-sender-in-deutschland-berlin-und-nrw\/","url_meta":{"origin":1285,"position":2},"title":"Radio Statistik 2012: Die gr\u00f6\u00dften Sender in Deutschland, Berlin und NRW","author":"OLJO-Team","date":"6. Mai 2012","format":false,"excerpt":"OLJO pr\u00e4sentiert die Liste der bedeutendsten Radiostationen in Deutschland! Welche Radiosender (bzw. deren programmbestimmenden Redakteure) in Deutschland entscheiden durch ihre Abspielrotationen was ein Radio Airplay Hit wird? Welche Sender sind die Lieblingsstationen der Deutschen unter 30 Jahren? Die Listen, gestaffelt nach durchschnittlicher t\u00e4glicher H\u00f6rerreichweite im ersten Quartal 2012, sind nach\u2026","rel":"","context":"Mit 7 Kommentaren","block_context":{"text":"Mit 7 Kommentaren","link":"https:\/\/www.oljo.de\/blog\/radio-statistik-2012-die-grosten-sender-in-deutschland-berlin-und-nrw\/#comments"},"img":{"alt_text":"","src":"","width":0,"height":0},"classes":[]},{"id":9788,"url":"https:\/\/www.oljo.de\/blog\/rap-konferenz-top-20-power-play\/","url_meta":{"origin":1285,"position":3},"title":"Rap Konferenz Top 20 Power Play!","author":"OLJO-Team","date":"12. Februar 2014","format":false,"excerpt":"RAP KONFERENZ TOP 20 OLJO Rap Video Power Play jetzt starten: Die besten und beliebtesten Rap Hits! Die 20 von deutschsprachigen Besuchern von OLJO.de in der letzten Woche meistgesehenen Youtube Musikvideos aus dem Musikbereich 'Rap, deutsche K\u00fcnstler'. Deutsch-, oder englischsprachig, musikgenre\u00fcbergreifend (HipHop, Dance, ggf. Party Schlager). Ermittlungszeitraum ist immer der\u2026","rel":"","context":"\u00c4hnlicher Beitrag","block_context":{"text":"\u00c4hnlicher Beitrag","link":""},"img":{"alt_text":"","src":"https:\/\/i0.wp.com\/www.oljo.de\/270vidpic\/MARTEROMG71.jpg?resize=350%2C200&ssl=1","width":350,"height":200},"classes":[]},{"id":7308,"url":"https:\/\/www.oljo.de\/blog\/top40-musikwebsites-deutschland2012\/","url_meta":{"origin":1285,"position":4},"title":"Top 40 Musikwebsites in Deutschland M\u00e4rz\/April 2012","author":"OLJO-Team","date":"6. Mai 2012","format":false,"excerpt":"Nach dem Vornehmen einer umfangreichen Studie ver\u00f6ffentlichen wir erstmals die Liste der 40 beliebtesten Musikwebsites in Deutschland. Ermittlungszeitraum waren M\u00e4rz und April 2012. \u00a0 Unsere kleine Website oljo.de kann sich in dem exklusiven Kreis der Top 40 Musikwebsites in Deutschland sogar platzieren. OLJO ist damit einer der gr\u00f6ssten von Medienunternhemen\u2026","rel":"","context":"Mit 1 Kommentar","block_context":{"text":"Mit 1 Kommentar","link":"https:\/\/www.oljo.de\/blog\/top40-musikwebsites-deutschland2012\/#comments"},"img":{"alt_text":"","src":"","width":0,"height":0},"classes":[]},{"id":9779,"url":"https:\/\/www.oljo.de\/blog\/power-play-clubbing-oljo-dance-hits-musikvideos-top-50\/","url_meta":{"origin":1285,"position":5},"title":"Dance &#038; House Top 50 Power Play. Dance Hits aktuell!","author":"OLJO-Team","date":"12. Februar 2014","format":false,"excerpt":"[su_box title=\"OLJO POWER PLAY CLUBBING\" style=\"noise\" box_color=\"#eeeeee\" title_color=\"#111111\" radius=\"5\"]Dance Musikvideo Top 50 der Woche im Endlos-Mix f\u00fcr Deine Party[\/su_box] Dance & House Top 50 Power Mix Woche 9\/2015 by OLJO: Die ultimative und brandaktuelle Dance TOP 50 der von Besuchern von oljo.de an diesem Wochenende (15.02.15 - 21.02.15) meistangesehenen clubtauglichen\u2026","rel":"","context":"\u00c4hnlicher Beitrag","block_context":{"text":"\u00c4hnlicher Beitrag","link":""},"img":{"alt_text":"","src":"","width":0,"height":0},"classes":[]}],"jetpack_sharing_enabled":true,"_links":{"self":[{"href":"https:\/\/www.oljo.de\/blog\/wp-json\/wp\/v2\/pages\/1285","targetHints":{"allow":["GET"]}}],"collection":[{"href":"https:\/\/www.oljo.de\/blog\/wp-json\/wp\/v2\/pages"}],"about":[{"href":"https:\/\/www.oljo.de\/blog\/wp-json\/wp\/v2\/types\/page"}],"author":[{"embeddable":true,"href":"https:\/\/www.oljo.de\/blog\/wp-json\/wp\/v2\/users\/2"}],"replies":[{"embeddable":true,"href":"https:\/\/www.oljo.de\/blog\/wp-json\/wp\/v2\/comments?post=1285"}],"version-history":[{"count":0,"href":"https:\/\/www.oljo.de\/blog\/wp-json\/wp\/v2\/pages\/1285\/revisions"}],"wp:attachment":[{"href":"https:\/\/www.oljo.de\/blog\/wp-json\/wp\/v2\/media?parent=1285"}],"curies":[{"name":"wp","href":"https:\/\/api.w.org\/{rel}","templated":true}]}}