{"id":345,"date":"2009-01-25T18:32:32","date_gmt":"2009-01-25T16:32:32","guid":{"rendered":"https:\/\/www.oljo.de\/blog\/?page_id=345"},"modified":"2009-01-25T18:32:32","modified_gmt":"2009-01-25T16:32:32","slug":"bundesvision-song-contest2009-videos","status":"publish","type":"page","link":"https:\/\/www.oljo.de\/blog\/bundesvision-song-contest2009-videos\/","title":{"rendered":"Bundesvision Song Contest 2009 Videos"},"content":{"rendered":"<h1>Bundesvision Song Contest 2009, die Teilnehmer<\/h1>\n<p>Am Freitag, dem 13.02.2009, steigt in der Metropolishalle im Filmpark Babelsberg bei Potsdam mal wieder der Bundesvision Song Contest (BuViSoCo) des Fernsehsenders Pro 7. 16 Teilnehmer, f\u00fcr jedes Bundesland einer, k\u00e4mpfen um die Gunst, d.h. um die Votings des Fernsehpublikums.<br \/>\nFolgende K\u00fcnstler und Songs stellen sich zur Wahl:<\/p>\n<div style=\"font-size: 10px;\">Werbung<br \/><script type=\"text\/javascript\"><!--\ngoogle_ad_client = \"pub-4852373510811004\";\n\/* 336x280, Erstellt 25.01.09 *\/\ngoogle_ad_slot = \"6473260947\";\ngoogle_ad_width = 336;\ngoogle_ad_height = 280;\n\/\/-->\n<\/script><br \/>\n<script type=\"text\/javascript\"\nsrc=\"http:\/\/pagead2.googlesyndication.com\/pagead\/show_ads.js\">\n<\/script><\/div>\n<p><b>Baden-W\u00fcrttemberg<\/b>: Cassandra Steen- Darum leben wir (R&#038;B Soul Pop) <a href=\"https:\/\/www.oljo.de\/videos\/CASSANDRA-STEEN-DARUM-LEBEN-WIR.php\" target=\"_blank\">ansehen<\/a><\/p>\n<p><b>Bayern<\/b>: Claudia Koreck &#8211; I wui dass du woasst (Folk Pop Blues) <a href=\"https:\/\/www.oljo.de\/videos\/CLAUDIA-KORECK-I-WUI-DASS-DU-WOASST.php\" target=\"_blank\">Video ansehen<\/a> Geheimtipp!<\/p>\n<p><b>Berlin<\/b>: Peter Fox &#8211; Schwarz zu blau (Hip Hop Pop) <a href=\"https:\/\/www.oljo.de\/videos\/PETER-FOX-SCHWARZ-BLAU.php\" target=\"_blank\">ansehen<\/a><\/p>\n<p><b>Brandenburg<\/b>: Sven van Thom &#8211; Jaqueline (ich hab Berlin gekauft) (Hip Hop Rock) <a href=\"http:\/\/www.myspace.com\/svenvanthom\" target=\"_blank\">anh\u00f6ren<\/a><\/p>\n<p><b>Bremen<\/b> Flowin Immo et les Freaqz &#8211; Urlaub am Attersee (Hip Hop) <a href=\"https:\/\/www.oljo.de\/videos\/FLOWIN-IMMO-URLAUB-ATTERSEE.php\" target=\"_blank\">ansehen<\/a><br \/>\nDie durchgeknallten aus Bremen! Cool&#8230;<\/p>\n<p><b>Hamburg<\/b>: Olli Schulz &#8211; Mach den Bibo (Pop-Rock) <a href=\"https:\/\/www.oljo.de\/videos\/OLLI-SCHULZ-MACH-BIBO.php\" target=\"_blank\">ansehen<\/a><br \/>\nMach das Ufo&#8230;Na das wird ein HIT!<\/p>\n<p><b>Hessen<\/b>: Fr\u00e4ulein Wunder &#8211; Sternradio (Pop Rock) <a href=\"https:\/\/www.oljo.de\/videos\/FRAULEIN-WUNDER-STERNRADIO.php\" target=\"_blank\">ansehen<\/a><\/p>\n<p><b>Mecklenburg-Vorpommern<\/b>: Marteria &#8211; Zum K\u00f6nig geboren (Hip Hop) <a href=\"https:\/\/www.oljo.de\/videos\/MARTERIA-KONIG-GEBOREN.php\" target=\"_blank\">ansehen<\/a><\/p>\n<p><b>Niedersachsen<\/b>: Fotos &#8211; Du fehlst mir (Alternativ Pop\/Rock) <a href=\"https:\/\/www.oljo.de\/videos\/FOTOS-DU-FEHLST-MIR.php\" target=\"_blank\"><b>ansehen<\/b><\/a><\/p>\n<p><b>Nordrhein-Westfalen<\/b>: Rage &#8211; Gib dich nie auf (Metal) Diese Band scheint es nicht n\u00f6tig zu haben ihren Song zu promoten&#8230;<\/p>\n<p><b>Rheinland-Pfalz<\/b>: Pascal Finkenauer &#8211; Unter Grund (Alternativ Pop) Scheint auch ohne Promotion auszukommen<\/p>\n<p><b>Schleswig Holstein<\/b>: Ruben Cossani &#8211; Bis auf letzte Nacht (60er Retro Pop) <a href=\"https:\/\/www.oljo.de\/videos\/RUBEN-COSSANI-LETZTE-NACHT.php\" target=\"_blank\">ansehen<\/a><br \/>\nIrgendwie ein nettes Beatles Revival&#8230;<\/p>\n<p><b>Saarland<\/b>: P:lot &#8211; Mein Name ist (Alternativ Pop) <a href=\"https:\/\/www.oljo.de\/videos\/PLOT-MEIN-NAME.php\" target=\"_blank\">ansehen<\/a><br \/>\nEin toller Song, der den Weg in die Charts verdient hat!<\/p>\n<p><b>Sachsen<\/b>: Polarkreis 18 &#8211; The Colour Of Snow (Alternativ Pop) <a href=\"https:\/\/www.oljo.de\/videos\/POLARKREIS18-COLOUR-SNOW.php\" target=\"_blank\">ansehen<\/a><\/p>\n<p><b>Sachsen-Anhalt<\/b>: Angela&#8217;s Park &#8211; Generation Monoton (Rock Pop) <a href=\"http:\/\/www.myspace.com\/angelaspark\" target=\"_blank\">anh\u00f6ren<\/a><\/p>\n<p><b>Th\u00fcringen<\/b>: Chapeau Claque &#8211; Pandora (Kiss Miss Tragedy) (Pop) <a href=\"https:\/\/www.oljo.de\/videos\/CHAPEAU-CLAQUE-PANDORA.php\" target=\"_blank\">ansehen<\/a><\/p>\n<div style=\"font-size:24px;line-height: 26px;\"><a href=\"https:\/\/www.oljo.de\/blog\/peter-fox-sieger-bundesvision-song-contest-bigfm-ohrfeig\/\"><b>Sieger und Ergebnisse des Bundesvision Song Contest 2009<\/b><\/a><\/div>\n<p>Im Internet ist bereits der Kampf um den Sieg entbrannt, ganz ganz weit vorne, was Viewzahlen betrifft, ist Peter Fox (37) aus Berlin mit seinem Hip Hop Song <b>Schwarz Zu Blau<\/b> (186.000 in 10 Tagen), der somit sicher erster Favorit auf den Sieg ist. Vergleichsweise gute Viewzahlen erfahren auch <b>Fr\u00e4ulein Wunder<\/b> (\u00fcber 100.000 in 3 Wochen &#8211; Viewzahlen durch Medienunternehmen gepusht&#8230;), <b>Cassandra Steen<\/b> (knapp 100.000 in 17 Tagen), <b>Marteria<\/b> (\u00fcber 50.000 in nur 1 Woche, der aktuelle Trendhit des BuViSoCo) , Sachsens <b>Polarkreis 18<\/b> entt\u00e4uscht mit nur gut 15.000 Views in 1 Woche. (Daten: Ermittlung am 25.01.2009)<\/p>\n<p>Je nach Bundesland recht unterschiedlich handhaben die Plattenfirmen jedoch die Promotion der Titel im Internet, deshalb k\u00f6nnte es in der Live-Show durchaus zu \u00dcberraschungen kommen. \u00dcberraschend ist, dass die f\u00fcr Nordrhein-Westfalen antretenden K\u00fcnstler, die Metal-Band <b>Rage<\/b>, einen ziemlich &#8217;neuartigen&#8216; Promotionsweg beschreiten, n\u00e4mlich quasi \u00fcberhaupt keine Promotion zu machen, ausser ausgerechnet auf englisch Besucher ihrer Webpr\u00e4senzen aufzufordern f\u00fcr sie beim BuViSoCo zu stimmen. Das wird sicher den Sieg bringen.<\/p>\n<p>Das Niveau der BuViSoCo-Songs ist im \u00dcberblick betrachtet recht gut, jedoch fehlt doch ein wenig die kommerzielle Zielrichtung, es wird eher auf Nischen-, als auf Breitenwirkung gezielt. Ein Song, der das Zeug f\u00fcr einen Top 5 Hit in den deutschen Charts hat, ist weit und breit nicht auszumachen.<br \/>\nAn Peter Fox vorbeizukommen wird f\u00fcr die anderen 15 Teilnehmer des Bundesvision Song Contest recht schwer werden, selbst Polarkreis 18 d\u00fcrften am Berliner scheitern.<br \/>\nWollen wir nicht hoffen, dass es so h\u00f6chst sonderbar l\u00e4uft wie 2008, als zwar <b>Subway To Sally<\/b> \u00fcberraschend den BuViSoCo gewannen, ihr Sieger-Song <b>Auf Kiel<\/b> in den Charts aber wirklich ganz \u00fcbel floppte (H\u00f6chstposition Singlecharts: Platz 44, d.h. Verk\u00e4ufe kaum messbar, Song wurde allerdings von den deutschen Radiostationen fast durch die Bank boykottiert), hingegen der Zweitplatzierte <b>Clueso<\/b> der kommerziell erfolgreichste Teilnehmer wurde. Cluesos <b>Keinen Zentimeter<\/b> erreichte in den offiziellen deutschen Singlecharts die H\u00f6chstposition 15, bei Downloads immerhin 2 Wochen lang die Top 10. Auch in den Radio-Airplaycharts schaffte Clueso die Top 30.<\/p>\n","protected":false},"excerpt":{"rendered":"<p>Bundesvision Song Contest 2009, die Teilnehmer Am Freitag, dem 13.02.2009, steigt in der Metropolishalle im Filmpark Babelsberg bei Potsdam mal wieder der Bundesvision Song Contest (BuViSoCo) des Fernsehsenders Pro 7&#8230;.<\/p>\n","protected":false},"author":2,"featured_media":0,"parent":0,"menu_order":0,"comment_status":"open","ping_status":"closed","template":"","meta":{"footnotes":""},"class_list":["post-345","page","type-page","status-publish","hentry"],"jetpack-related-posts":[{"id":4066,"url":"https:\/\/www.oljo.de\/blog\/offizielles-endergebnis-eurovision2010-oslo\/","url_meta":{"origin":345,"position":0},"title":"Offizielles Endergebnis Eurovision Song Contest 2010 Oslo","author":"OLJO-Team","date":"30. Mai 2010","format":false,"excerpt":"Eurovision Song Contest 2010 in Oslo Die Eurovision, das bedeutendste im Fernsehen ausgestrahlte Musik Event der Erde fand am 29.05.2010 in der norwegischen Hauptstadt Oslo statt. W\u00e4hrend der 3 st\u00fcndigen \u00dcbertragung schauten etwa 100-120 Mio europ\u00e4ische Fernsehzuschauer dem Song Contest (ESC) zu. Millionen weitere Zuseher wird dieses einzigartige Musik Event\u2026","rel":"","context":"In &quot;Charts Deutschland aktuell&quot;","block_context":{"text":"Charts Deutschland aktuell","link":"https:\/\/www.oljo.de\/blog\/themen\/chart-news-international\/charts-deutschland-aktuell\/"},"img":{"alt_text":"","src":"","width":0,"height":0},"classes":[]},{"id":697,"url":"https:\/\/www.oljo.de\/blog\/offizielles-endergebnis-eurovision-song-contest-2009\/","url_meta":{"origin":345,"position":1},"title":"Offizielles Endergebnis Eurovision Song Contest 2009","author":"OLJO-Team","date":"17. Mai 2009","format":false,"excerpt":"Eurovision Song Contest 2009 in Moskau Die Eurovision ist das gr\u00f6\u00dfte im Fernsehen ausgestrahlte Musik Event der Erde. W\u00e4hrend der 3 st\u00fcndigen \u00dcbertragung schauen etwa 100 Mio europ\u00e4ische Fernsehzuschauer dem Song Contest zu. Weitere ca. 50-100 Mio Zuseher wird das Event durch nachfolgende Internetverbreitung erreichen. Europaweit ausgestrahlt wurde die Show\u2026","rel":"","context":"In &quot;Charts Deutschland aktuell&quot;","block_context":{"text":"Charts Deutschland aktuell","link":"https:\/\/www.oljo.de\/blog\/themen\/chart-news-international\/charts-deutschland-aktuell\/"},"img":{"alt_text":"","src":"","width":0,"height":0},"classes":[]},{"id":1285,"url":"https:\/\/www.oljo.de\/blog\/top-10-groste-hits-deutschland-groste-schlager-seit-1949\/","url_meta":{"origin":345,"position":2},"title":"Top 10 gr\u00f6\u00dfte Hits Deutschland &#8211; gr\u00f6\u00dfte Schlager seit 1949","author":"OLJO-Team","date":"1. Oktober 2009","format":false,"excerpt":"Aus Anla\u00df des Tags der Deutschen Einheit am 03.10.2009 hat der Fernsehsender ARD seine Zuschauer befragt, welche deutschen Schlager bzw. Popsongs, die seit Gr\u00fcndung der Bundesrepublik ver\u00f6ffentlicht wurden, die beliebtesten sind. Ergebnis war eine Top 30 Liste, die auch Hits aus den heutigen Bundesl\u00e4ndern enth\u00e4lt, die fr\u00fcher die \"DDR\" ausmachten.\u2026","rel":"","context":"In &quot;Charts Deutschland aktuell&quot;","block_context":{"text":"Charts Deutschland aktuell","link":"https:\/\/www.oljo.de\/blog\/themen\/chart-news-international\/charts-deutschland-aktuell\/"},"img":{"alt_text":"","src":"","width":0,"height":0},"classes":[]},{"id":7281,"url":"https:\/\/www.oljo.de\/blog\/oljo-blog-allzeit-top30-news\/","url_meta":{"origin":345,"position":3},"title":"Top 30 Allzeit News","author":"OLJO-Team","date":"3. Mai 2012","format":false,"excerpt":"Hier die Liste der von den Besuchern des OLJO Blogs (https:\/\/www.oljo.de\/blog) meistgelesenen Newsartikel ever (Zeitraum 01.01.2009 bis 02.05.2012), sowie eine kleine Besucherstatistik. In dem genannten Zeitraum vermittelte OLJO Blog insgesamt 4.255.127 Seitenaufrufe. Herkunft der Besucher, die Seiten beim OLJO Blog mindestens 1 Seite aufgerufen haben: 87,1% stammten aus Deutschland, 3,5%\u2026","rel":"","context":"\u00c4hnlicher Beitrag","block_context":{"text":"\u00c4hnlicher Beitrag","link":""},"img":{"alt_text":"","src":"","width":0,"height":0},"classes":[]},{"id":8828,"url":"https:\/\/www.oljo.de\/blog\/esc-2013-endergebnis-finale-malmo-schweden-18-mai-2013\/","url_meta":{"origin":345,"position":4},"title":"ESC 2013 Endergebnis Finale Malm\u00f6 Schweden 18 Mai 2013","author":"OLJO-Team","date":"19. Mai 2013","format":false,"excerpt":"Hier das von der EBU ver\u00f6ffentlichte offizielle ESC 2013 Endergebnis (Eurovision Song Contest 2013) des Jahres 2013: Siegerin ist mit 281 Punkten die S\u00e4ngerin Emmelie de Forest, die mit dem Pop-Folk Titel 'Only Teardrops' f\u00fcr ihr Heimatland D\u00e4nemark erfolgreich an den Start ging. Deutschland belegte mit 18 Punkten Rang 21\u2026","rel":"","context":"\u00c4hnlicher Beitrag","block_context":{"text":"\u00c4hnlicher Beitrag","link":""},"img":{"alt_text":"","src":"","width":0,"height":0},"classes":[]},{"id":9626,"url":"https:\/\/www.oljo.de\/blog\/deutsche-musik-stars-2014-meiste-facebook-likes-januar2014\/","url_meta":{"origin":345,"position":5},"title":"Deutsche Musik Stars mit meisten Facebook Likes 2014 \/ Januar","author":"OLJO-Team","date":"30. Januar 2014","format":false,"excerpt":"OLJO pr\u00e4sentiert die offizielle Liste: bei Facebook beliebteste deutsche Musik Stars 2014 (Januar 2014) Stand der Datenerhebung ist der 29.01.2014. Beliebtheitsma\u00dfstab ist die Zahl der auf den jeweiligen offiziellen Profilen von Facebook angegeben Zahl der 'Likes'. Aktivit\u00e4tsindex: Grundlage ist der 'sprechen dar\u00fcber Wert' in der Woche 24.01. bis 30.01.14: Die\u2026","rel":"","context":"\u00c4hnlicher Beitrag","block_context":{"text":"\u00c4hnlicher Beitrag","link":""},"img":{"alt_text":"","src":"","width":0,"height":0},"classes":[]}],"jetpack_sharing_enabled":true,"_links":{"self":[{"href":"https:\/\/www.oljo.de\/blog\/wp-json\/wp\/v2\/pages\/345","targetHints":{"allow":["GET"]}}],"collection":[{"href":"https:\/\/www.oljo.de\/blog\/wp-json\/wp\/v2\/pages"}],"about":[{"href":"https:\/\/www.oljo.de\/blog\/wp-json\/wp\/v2\/types\/page"}],"author":[{"embeddable":true,"href":"https:\/\/www.oljo.de\/blog\/wp-json\/wp\/v2\/users\/2"}],"replies":[{"embeddable":true,"href":"https:\/\/www.oljo.de\/blog\/wp-json\/wp\/v2\/comments?post=345"}],"version-history":[{"count":0,"href":"https:\/\/www.oljo.de\/blog\/wp-json\/wp\/v2\/pages\/345\/revisions"}],"wp:attachment":[{"href":"https:\/\/www.oljo.de\/blog\/wp-json\/wp\/v2\/media?parent=345"}],"curies":[{"name":"wp","href":"https:\/\/api.w.org\/{rel}","templated":true}]}}