{"id":6,"date":"2007-04-12T12:57:46","date_gmt":"2007-04-12T10:57:46","guid":{"rendered":"https:\/\/www.oljo.de\/blog\/?page_id=6"},"modified":"2007-04-12T12:57:46","modified_gmt":"2007-04-12T10:57:46","slug":"about","status":"publish","type":"page","link":"https:\/\/www.oljo.de\/blog\/about\/","title":{"rendered":"Das OLJO-Team"},"content":{"rendered":"<p>Hallo,<\/p>\n<p>hier ist das OLJO-Team.<br \/>\nMittlerweile arbeiten mehrere Personen an diesem Blog. Beitr\u00e4ge schreiben f\u00fcr das Team im Kollektiv: Sandra, Lars <i>z.Zt. inaktiv<\/i>, Dean und Olaf. Ab Februar 2010 fest im Team auch Susanne und Malte. Kommentarverwaltung und Gegenlesen: Dean, Sandra und Olaf. Offizieller Inhaber des Blogs ist Olaf.<\/p>\n<p>Wir sind alle v\u00f6llig unabh\u00e4ngig und arbeiten nicht mit, oder f\u00fcr irgendein Unternehmen der Musikindustrie. Alle von uns geschriebenen Beitr\u00e4ge sind sorgf\u00e4ltig recherchiert.<br \/>\nAb Januar 2010:<br \/>\nWir freuen uns 3 neue ausl\u00e4ndische Mitglieder (&#8218;Informaten&#8216;) in unserem Team begr\u00fc\u00dfen zu d\u00fcrfen, die uns mit Informationen \u00fcber aktuelle Chart Hits usw. in ihren L\u00e4ndern regelm\u00e4\u00dfig versorgen bzw. bei Fragen hilfreich zur Seite stehen:<\/p>\n<p>Nicholis (Kempton Park, Johannesburg, S\u00fcdafrika), Mitarbeiter bei Radio 5<br \/>\nRyan (Tottenham, London, Gro\u00dfbritannien) Chart &#8218;Freak&#8216;<br \/>\nDenise (Coral Gables, Miami, USA) Mitarbeiterin beim Pop Radiosender Y100, einem der wichtigsten Sender der USA.<\/p>\n<p>Wir w\u00fcnschen gute Unterhaltung mit unserem Blog und unseren Charts und bedanken uns f\u00fcr Dein Interesse!<\/p>\n<p>\u00a0Das OLJO-Team<\/p>\n<p>Was wir sind: gut (vielleicht). was wir wir werden wollen: besser (hoffentlich). was wir nicht sind: Handlanger von irgendwem (auf keinen Fall). Wir sind der Wahrheit verpflichtet.<\/p>\n<p>Mediendaten:<br \/>\nBesucherzahl unseres Blogs im Jahr 2009: 734.000 \/ 6 mal h\u00f6her als 2008. 2.000 Besucher t\u00e4glich! 89% aus Deutschland, 8% aus \u00d6sterreich + Schweiz, 1% aus Luxemburg, 2% Deutsche im Ausland, oder Ausl\u00e4nder. Meistbesuchter echter Chartblog Deutschlands!<\/p>\n","protected":false},"excerpt":{"rendered":"<p>Hallo, hier ist das OLJO-Team. Mittlerweile arbeiten mehrere Personen an diesem Blog. Beitr\u00e4ge schreiben f\u00fcr das Team im Kollektiv: Sandra, Lars z.Zt. inaktiv, Dean und Olaf. Ab Februar 2010 fest&#8230;<\/p>\n","protected":false},"author":2,"featured_media":0,"parent":0,"menu_order":0,"comment_status":"closed","ping_status":"closed","template":"","meta":{"footnotes":""},"class_list":["post-6","page","type-page","status-publish","hentry"],"jetpack-related-posts":[{"id":4685,"url":"https:\/\/www.oljo.de\/blog\/chart-hits-flops-verkaufszahlen-kommentare\/","url_meta":{"origin":6,"position":0},"title":"Chart Trommelwirbel: Hits + Flops","author":"OLJO-Team","date":"2. November 2010","format":false,"excerpt":"Der OLJO Musik Chart Blog startet hiermit die Themenseite 'usergenerierte Chart und Musikbuisiness News' 2011. Diese Themenseite soll in erster Linie dazu dienen unseren Lesern (und u.a. auch uns) Mitteilungen in Kommentarform zu erm\u00f6glichen, die von ihnen entdeckte aktuelle Entwicklungen in den verschiedensten Charts zeitnah unseren Blog Besuchern zur Kenntnis\u2026","rel":"","context":"Mit 30 Kommentaren","block_context":{"text":"Mit 30 Kommentaren","link":"https:\/\/www.oljo.de\/blog\/chart-hits-flops-verkaufszahlen-kommentare\/#comments"},"img":{"alt_text":"was tut sich","src":"https:\/\/i0.wp.com\/www.oljo.de\/blog-bilder\/wastutsich.jpg?resize=350%2C200&ssl=1","width":350,"height":200},"classes":[]},{"id":11825,"url":"https:\/\/www.oljo.de\/blog\/datenschutzerklaerung\/","url_meta":{"origin":6,"position":1},"title":"Datenschutzerkl\u00e4rung","author":"OLJO-Team","date":"9. Juli 2018","format":false,"excerpt":"Wer wir sindDie Adresse unserer Website ist: https:\/\/www.oljo.de\/blog.Welche personenbezogenen Daten wir sammeln und warum wir sie sammelnKommentareWenn Besucher Kommentare auf der Website schreiben, sammeln wir die Daten, die im Kommentar-Formular angezeigt werden, au\u00dferdem die IP-Adresse des Besuchers und den User-Agent-String (damit wird der Browser identifiziert), um die Erkennung von Spam\u2026","rel":"","context":"\u00c4hnlicher Beitrag","block_context":{"text":"\u00c4hnlicher Beitrag","link":""},"img":{"alt_text":"","src":"","width":0,"height":0},"classes":[]},{"id":9779,"url":"https:\/\/www.oljo.de\/blog\/power-play-clubbing-oljo-dance-hits-musikvideos-top-50\/","url_meta":{"origin":6,"position":2},"title":"Dance &#038; House Top 50 Power Play. Dance Hits aktuell!","author":"OLJO-Team","date":"12. Februar 2014","format":false,"excerpt":"[su_box title=\"OLJO POWER PLAY CLUBBING\" style=\"noise\" box_color=\"#eeeeee\" title_color=\"#111111\" radius=\"5\"]Dance Musikvideo Top 50 der Woche im Endlos-Mix f\u00fcr Deine Party[\/su_box] Dance & House Top 50 Power Mix Woche 9\/2015 by OLJO: Die ultimative und brandaktuelle Dance TOP 50 der von Besuchern von oljo.de an diesem Wochenende (15.02.15 - 21.02.15) meistangesehenen clubtauglichen\u2026","rel":"","context":"\u00c4hnlicher Beitrag","block_context":{"text":"\u00c4hnlicher Beitrag","link":""},"img":{"alt_text":"","src":"","width":0,"height":0},"classes":[]},{"id":7308,"url":"https:\/\/www.oljo.de\/blog\/top40-musikwebsites-deutschland2012\/","url_meta":{"origin":6,"position":3},"title":"Top 40 Musikwebsites in Deutschland M\u00e4rz\/April 2012","author":"OLJO-Team","date":"6. Mai 2012","format":false,"excerpt":"Nach dem Vornehmen einer umfangreichen Studie ver\u00f6ffentlichen wir erstmals die Liste der 40 beliebtesten Musikwebsites in Deutschland. Ermittlungszeitraum waren M\u00e4rz und April 2012. \u00a0 Unsere kleine Website oljo.de kann sich in dem exklusiven Kreis der Top 40 Musikwebsites in Deutschland sogar platzieren. OLJO ist damit einer der gr\u00f6ssten von Medienunternhemen\u2026","rel":"","context":"Mit 1 Kommentar","block_context":{"text":"Mit 1 Kommentar","link":"https:\/\/www.oljo.de\/blog\/top40-musikwebsites-deutschland2012\/#comments"},"img":{"alt_text":"","src":"","width":0,"height":0},"classes":[]},{"id":9626,"url":"https:\/\/www.oljo.de\/blog\/deutsche-musik-stars-2014-meiste-facebook-likes-januar2014\/","url_meta":{"origin":6,"position":4},"title":"Deutsche Musik Stars mit meisten Facebook Likes 2014 \/ Januar","author":"OLJO-Team","date":"30. Januar 2014","format":false,"excerpt":"OLJO pr\u00e4sentiert die offizielle Liste: bei Facebook beliebteste deutsche Musik Stars 2014 (Januar 2014) Stand der Datenerhebung ist der 29.01.2014. Beliebtheitsma\u00dfstab ist die Zahl der auf den jeweiligen offiziellen Profilen von Facebook angegeben Zahl der 'Likes'. Aktivit\u00e4tsindex: Grundlage ist der 'sprechen dar\u00fcber Wert' in der Woche 24.01. bis 30.01.14: Die\u2026","rel":"","context":"\u00c4hnlicher Beitrag","block_context":{"text":"\u00c4hnlicher Beitrag","link":""},"img":{"alt_text":"","src":"","width":0,"height":0},"classes":[]},{"id":1285,"url":"https:\/\/www.oljo.de\/blog\/top-10-groste-hits-deutschland-groste-schlager-seit-1949\/","url_meta":{"origin":6,"position":5},"title":"Top 10 gr\u00f6\u00dfte Hits Deutschland &#8211; gr\u00f6\u00dfte Schlager seit 1949","author":"OLJO-Team","date":"1. Oktober 2009","format":false,"excerpt":"Aus Anla\u00df des Tags der Deutschen Einheit am 03.10.2009 hat der Fernsehsender ARD seine Zuschauer befragt, welche deutschen Schlager bzw. Popsongs, die seit Gr\u00fcndung der Bundesrepublik ver\u00f6ffentlicht wurden, die beliebtesten sind. Ergebnis war eine Top 30 Liste, die auch Hits aus den heutigen Bundesl\u00e4ndern enth\u00e4lt, die fr\u00fcher die \"DDR\" ausmachten.\u2026","rel":"","context":"In &quot;Charts Deutschland aktuell&quot;","block_context":{"text":"Charts Deutschland aktuell","link":"https:\/\/www.oljo.de\/blog\/themen\/chart-news-international\/charts-deutschland-aktuell\/"},"img":{"alt_text":"","src":"","width":0,"height":0},"classes":[]}],"jetpack_sharing_enabled":true,"_links":{"self":[{"href":"https:\/\/www.oljo.de\/blog\/wp-json\/wp\/v2\/pages\/6","targetHints":{"allow":["GET"]}}],"collection":[{"href":"https:\/\/www.oljo.de\/blog\/wp-json\/wp\/v2\/pages"}],"about":[{"href":"https:\/\/www.oljo.de\/blog\/wp-json\/wp\/v2\/types\/page"}],"author":[{"embeddable":true,"href":"https:\/\/www.oljo.de\/blog\/wp-json\/wp\/v2\/users\/2"}],"replies":[{"embeddable":true,"href":"https:\/\/www.oljo.de\/blog\/wp-json\/wp\/v2\/comments?post=6"}],"version-history":[{"count":0,"href":"https:\/\/www.oljo.de\/blog\/wp-json\/wp\/v2\/pages\/6\/revisions"}],"wp:attachment":[{"href":"https:\/\/www.oljo.de\/blog\/wp-json\/wp\/v2\/media?parent=6"}],"curies":[{"name":"wp","href":"https:\/\/api.w.org\/{rel}","templated":true}]}}