{"id":66,"date":"2008-06-12T17:49:38","date_gmt":"2008-06-12T15:49:38","guid":{"rendered":"https:\/\/www.oljo.de\/blog\/?page_id=66"},"modified":"2008-06-12T17:49:38","modified_gmt":"2008-06-12T15:49:38","slug":"download-charts-em-songs","status":"publish","type":"page","link":"https:\/\/www.oljo.de\/blog\/download-charts-em-songs\/","title":{"rendered":"Download Charts: EM Songs"},"content":{"rendered":"<div style=\"width: 450px; margin-top: 15px; height: 1774px; background: #ddd; border: 5px solid #ccc;\">\n<div style=\"padding: 7px; height: 132px;\">In der vergangenen Woche wurden von deutschen Musikkonsumenten \u00fcber 115.000 Downloads gekauft (Vorwoche: ca. 72.000), die das Thema Fussball Europameisterschaft bzw. Fussball im allgemeinen besingen. (W\u00e4hrend der EM wurden insgesamt \u00fcber 270.000 Downloads verkauft)<br \/>\nInsgesamt 57 mal (Vorwoche: 46) belegen Songs mit diesem Thema Positionen innerhalb der Top 200 der deutschen Downloadcharts. Meldung: <a href=\"https:\/\/www.oljo.de\/blog\/fussballfan-songs-europameister\/\" title=\"Worin deutsche Fu\u00dfball-Fans Europameister sind liest Du hier!\">Deutsche Fans Europameister<\/a><\/div>\n<div style=\"padding: 7px; height: 70px; border-top: 4px solid #ccc; border-bottom: 4px solid #ccc; background-image: url( 'https:\/\/www.oljo.de\/blog-bilder\/top40euro.gif' ); color: #eee;\"><span style=\"font-size: 36px;\">Top 40<\/span> in Deutschland (Fussball bzw. EM-Songs)<br \/>in der Woche vom 23.06.08 &#8211; 29.06.08<\/div>\n<div class=\"poseuros\"><b>01.<\/b> [02] <a href=\"https:\/\/www.oljo.de\/download-single\/REVOLVERHELD\/HELDEN-2008.php\" target=\"_blank\" title=\"Helden 2008 von Revolverheld f\u00fcr Deinen Player +PC \/ f\u00fcr Dein Handy. Mehr Info hier.\"><b>Revolverheld<\/b> &#8211; Helden 2008<\/a> <\/div>\n<div class=\"poseurow\"><b>02.<\/b> [03] <a href=\"https:\/\/www.oljo.de\/mp3wma-download\/WHITE-STRIPES-SEVEN-NATION-ARMY.php\" target=\"_blank\" title=\"Seven Nation Army von The White Stripes f\u00fcr Deinen Player +PC \/ f\u00fcr Dein Handy. Mehr Info hier.\"><b>The White Stripes<\/b> &#8211; Seven Nation Army<\/a> <\/div>\n<div class=\"poseuros\"><b>03.<\/b> [01] <a href=\"https:\/\/www.oljo.de\/download-single\/SHAGGY\/FEEL-THE-RUSH.php\" target=\"_blank\" title=\"Feel The Rush von Shaggy f\u00fcr Deinen Player +PC \/ f\u00fcr Dein Handy. Mehr Info hier.\"><b>Shaggy<\/b> &#8211; Feel The Rush<\/a> <\/div>\n<div class=\"poseurow\"><b>04.<\/b> [06] <a href=\"https:\/\/www.oljo.de\/download-single\/OLIVER-POCHER\/BRINGT-IHN-HEIM.php\" target=\"_blank\" title=\"Bringt Ihn Heim von Oliver Pocher f\u00fcr Deinen Player +PC \/ f\u00fcr Dein Handy. Mehr Info hier.\"><b>Oliver Pocher<\/b> &#8211; Bringt Ihn Heim<\/a> <\/div>\n<div class=\"poseuros\"><b>05.<\/b> [04] <a href=\"https:\/\/www.oljo.de\/download-single\/CHRISTINA-STURMER\/FIEBER.php\" target=\"_blank\" title=\"Fieber von Christina St\u00fcrmer f\u00fcr Deinen Player +PC \/ f\u00fcr Dein Handy. Mehr Info hier.\"><b>Christina St\u00fcrmer<\/b> &#8211; Fieber<\/a> <\/div>\n<div class=\"poseurow\"><b>06.<\/b> [07] <a href=\"https:\/\/www.oljo.de\/download-single\/MICKIE-KRAUSE\/SUPA-DEUTSCHLAND.php\" target=\"_blank\" title=\"Supa Deutschland von Mickie Krause f\u00fcr Deinen Player +PC \/ f\u00fcr Dein Handy. Mehr Info hier.\"><b>Mickie Krause<\/b> &#8211; Supa Deutschland<\/a> <\/div>\n<div class=\"poseuros\"><b>07.<\/b> [05] <a href=\"https:\/\/www.oljo.de\/mp3wma-download\/HOHNER-HANDBALL-NATIONALMANNSCHAFT-WENN-NICHT-JETZT.php\" target=\"_blank\" title=\"Wenn Nicht Jetzt Wann Dann von H\u00f6hner &#038; Handball-Nationalmannschaft f\u00fcr Deinen Player +PC \/ f\u00fcr Dein Handy. Mehr Info hier.\"><b>H\u00f6hner &#038; Handball-Nationalmannschaft<\/b> &#8211; Wenn Nicht Jetzt Wann Dann<\/a> <\/div>\n<div class=\"poseurow\"><b>08.<\/b> [15] <a href=\"https:\/\/www.oljo.de\/musik-download\/GURKENTRUPPE\/STERN-UBER-DEUTSCHLAND.php\" target=\"_blank\" title=\"Ein Stern Der \u00dcber Deutschland Steht von Gurkentruppe f\u00fcr Deinen Player +PC \/ f\u00fcr Dein Handy. Mehr Info hier.\"><b>Gurkentruppe<\/b> &#8211; Ein Stern Der \u00dcber Deutschland Steht<\/a> <\/div>\n<div class=\"poseuros\"><b>09.<\/b> [18] <a href=\"https:\/\/www.oljo.de\/musik-download\/OLIVER-POCHER\/SCHWARZ-UND-WEISS.php\" target=\"_blank\" title=\"Schwarz Und Weiss von Oliver Pocher f\u00fcr Deinen Player +PC \/ f\u00fcr Dein Handy. Mehr Info hier.\"><b>Oliver Pocher<\/b> &#8211; Schwarz Und Weiss<\/a> <\/div>\n<div class=\"poseurow\"><b>10.<\/b> [12] <a href=\"https:\/\/www.oljo.de\/musik-download\/SPORTFREUNDE-STILLER\/54-74-90-2010.php\" target=\"_blank\" title=\"54 '74 '90 2010 von Sportfreunde Stiller f\u00fcr Deinen Player +PC \/ f\u00fcr Dein Handy. Mehr Info hier.\"><b>Sportfreunde Stiller<\/b> &#8211; 54 &#8217;74 &#8217;90 2010<\/a> <\/div>\n<div class=\"poseuros\"><b>11.<\/b> [10] <a href=\"https:\/\/www.oljo.de\/download-single\/ENRIQUE-IGLESIAS\/CAN-YOU-HEAR-ME.php\" target=\"_blank\" title=\"Can You Hear Me von Enrique Iglesias f\u00fcr Deinen Player +PC \/ f\u00fcr Dein Handy. Mehr Info hier.\"><b>Enrique Iglesias<\/b> &#8211; Can You Hear Me<\/a> <\/div>\n<div class=\"poseurow\"><b>12.<\/b> [11] <a href=\"https:\/\/www.oljo.de\/musik-download\/JURGEN-LIBERO5\/DEUTSCHLAND-GEILSTE-CLUB-WELT.php\" target=\"_blank\" title=\"Deutschland Ist Der Geilste Club Der Welt von J\u00fcrgen &#038; Libero5 f\u00fcr Deinen Player +PC \/ f\u00fcr Dein Handy. Mehr Info hier.\"><b>J\u00fcrgen &#038; Libero5<\/b> &#8211; Deutschland Ist Der Geilste Club Der Welt<\/a> <\/div>\n<div class=\"poseuros\"><b>13.<\/b> [26] <a href=\"https:\/\/www.oljo.de\/musik-download\/DJ-SCHNIPPES\/FINALE.php\" target=\"_blank\" title=\"Finale von Dj Schnippes f\u00fcr Deinen Player +PC \/ f\u00fcr Dein Handy. Mehr Info hier.\"><b>Dj Schnippes<\/b> &#8211; Finale<\/a> <\/div>\n<div class=\"poseurow\"><b>14.<\/b> [08] <a href=\"https:\/\/www.oljo.de\/download-single\/MICKIE-KRAUSE\/ORANGE-TRAGT-NUR-DIE-MULLABFUHR.php\" target=\"_blank\" title=\"Orange Tr\u00e4gt Nur Die M\u00fcllabfuhr von Mickie Krause f\u00fcr Deinen Player +PC \/ f\u00fcr Dein Handy. Mehr Info hier.\"><b>Mickie Krause<\/b> &#8211; Orange Tr\u00e4gt Nur Die M\u00fcllabfuhr<\/a> <\/div>\n<div class=\"poseuros\"><b>15.<\/b> [22] <a href=\"https:\/\/www.oljo.de\/musik-download\/HERMES-HOUSE-BAND\/FOOTBALL-MEGAMIX.php\" target=\"_blank\" title=\"Football Megamix von Hermes House Band f\u00fcr Deinen Player +PC \/ f\u00fcr Dein Handy. Mehr Info hier.\"><b>Hermes House Band<\/b> &#8211; Football Megamix<\/a> <\/div>\n<div class=\"poseurow\"><b>16.<\/b> [09] <a href=\"https:\/\/www.oljo.de\/download-single\/STEFAN-PETERS-GOTTHILF-FISCHER\/EIN-STERN-DER-UBER-DEUTSCHLAND-STEHT.php\" target=\"_blank\" title=\"Ein Stern Der \u00dcber Deutschland Steht von Stefan Peters &#038; Gotthilf Fischer f\u00fcr Deinen Player +PC \/ f\u00fcr Dein Handy. Mehr Info hier.\"><b>Stefan Peters &#038; Gotthilf Fischer<\/b> &#8211; Ein Stern Der \u00dcber Deutschland Steht<\/a> <\/div>\n<div class=\"poseuros\"><b>17.<\/b> [19] <a href=\"https:\/\/www.oljo.de\/download-single\/OLAF-HENNING\/WIR-HOLN-DEN-CUP-NACH-HAUS.php\" target=\"_blank\" title=\"Wir Hol'N Den Cup Nach Haus von Olaf Henning f\u00fcr Deinen Player +PC \/ f\u00fcr Dein Handy. Mehr Info hier.\"><b>Olaf Henning<\/b> &#8211; Wir Hol&#8217;N Den Cup Nach Haus<\/a> <\/div>\n<div class=\"poseurow\"><b>18.<\/b> [23] <a href=\"https:\/\/www.oljo.de\/musik-download\/KOLIBRIS\/IDOL-JOGI-LOW.php\" target=\"_blank\" title=\"Wir Haben Ein Idol Jogi L\u00f6w von Kolibris f\u00fcr Deinen Player +PC \/ f\u00fcr Dein Handy. Mehr Info hier.\"><b>Kolibris<\/b> &#8211; Wir Haben Ein Idol Jogi L\u00f6w<\/a> <\/div>\n<div class=\"poseuros\"><b>19.<\/b> [13] <a href=\"https:\/\/www.oljo.de\/musik-download\/ELTON-ALLEMANN\/ALLEMANN.php\" target=\"_blank\" title=\"Allemann von Elton &#038; Allemann f\u00fcr Deinen Player +PC \/ f\u00fcr Dein Handy. Mehr Info hier.\"><b>Elton &#038; Allemann<\/b> &#8211; Allemann<\/a> <\/div>\n<div class=\"poseurow\"><b>20.<\/b> [21] <a href=\"https:\/\/www.oljo.de\/musik-download\/HERBERT-GRONEMEYER\/ZEIT-SICH-WAS-DREHT.php\" target=\"_blank\" title=\"Zeit Dass Sich Was Dreht von Herbert Gr\u00f6nemeyer f\u00fcr Deinen Player +PC \/ f\u00fcr Dein Handy. Mehr Info hier.\"><b>Herbert Gr\u00f6nemeyer<\/b> &#8211; Zeit Dass Sich Was Dreht<\/a> <\/div>\n<div class=\"poseuros\"><b>21.<\/b> [18] <a href=\"https:\/\/www.oljo.de\/musik-download\/DIE-FRAKTION\/SCHWARZ-ROT-GOLD.php\" target=\"_blank\" title=\"Schwarz Rot Gold von Die Fraktion f\u00fcr Deinen Player +PC \/ f\u00fcr Dein Handy. Mehr Info hier.\"><b>Die Fraktion<\/b> &#8211; Schwarz Rot Gold<\/a> <\/div>\n<div class=\"poseurow\"><b>22.<\/b> [28] <a href=\"https:\/\/www.oljo.de\/download-single\/TOBEE\/72-80-96-2008.php\" target=\"_blank\" title=\"72 80 96 2008 von Tobee f\u00fcr Deinen Player +PC \/ f\u00fcr Dein Handy. Mehr Info hier.\"><b>Tobee<\/b> &#8211; 72 80 96 2008<\/a> <\/div>\n<div class=\"poseuros\"><b>23.<\/b> [20] <a href=\"https:\/\/www.oljo.de\/download-single\/REDNEX\/FOOTBALL-IS-OUR-RELIGION.php\" target=\"_blank\" title=\"Football Is Our Religion von Rednex f\u00fcr Deinen Player +PC \/ f\u00fcr Dein Handy. Mehr Info hier.\"><b>Rednex<\/b> &#8211; Football Is Our Religion<\/a> <\/div>\n<div class=\"poseurow\"><b>24.<\/b> [33] <a href=\"https:\/\/www.oljo.de\/musik-download\/DIE-VISIONARE\/DEUTSCHLAND-DEUTSCHLAND.php\" target=\"_blank\" title=\"Deutschlaaand Deutschlaaand von Die Vision\u00e4re f\u00fcr Deinen Player +PC \/ f\u00fcr Dein Handy. Mehr Info hier.\"><b>Die Vision\u00e4re<\/b> &#8211; Deutschlaaand Deutschlaaand<\/a> <\/div>\n<div class=\"poseuros\"><b>25.<\/b> [16] <a href=\"https:\/\/www.oljo.de\/download-single\/DJ-BOBO\/OLE-OLE\" target=\"_blank\" title=\"Ole Ole von Dj Bobo f\u00fcr Deinen Player +PC \/ f\u00fcr Dein Handy. Mehr Info hier.\"><b>Dj Bobo<\/b> &#8211; Ole Ole<\/a> <\/div>\n<div class=\"poseurow\"><b>26.<\/b> [24] <a href=\"https:\/\/www.oljo.de\/musik-download\/NELLY-FURTADO\/FORCA.php\" target=\"_blank\" title=\"Forca von Nelly Furtado f\u00fcr Deinen Player +PC \/ f\u00fcr Dein Handy. Mehr Info hier.\"><b>Nelly Furtado<\/b> &#8211; Forca<\/a> <\/div>\n<div class=\"poseuros\"><b>27.<\/b> [29] <a href=\"https:\/\/www.oljo.de\/musik-download\/HERR-ANTJE-UND-SEINE-DEUTSCHEN-FREUNDE\/SUPER-DEUTSCHLAND-OLE.php\" target=\"_blank\" title=\"Super Deutschland Ole von Herr Antje &#038; Seine Deutschen Freunde f\u00fcr Deinen Player +PC \/ f\u00fcr Dein Handy. Mehr Info hier.\"><b>Herr Antje &#038; Seine Deutschen Freunde<\/b> &#8211; Super Deutschland Ole<\/a> <\/div>\n<div class=\"poseurow\"><b>28.<\/b> [00] <a href=\"https:\/\/www.oljo.de\/mp3wma-download\/DEUTSCHE-FUSSBALL-NATIONALMANNSCHAFT-FUSSBALL-IST-UNSER-LEBEN.php\" target=\"_blank\" title=\"Fussball Ist Unser Leben von Die Deutsche Fussball Nationalmannschaft f\u00fcr Deinen Player +PC \/ f\u00fcr Dein Handy. Mehr Info hier.\"><b>Die Deutsche Fussball Nationalmannschaft<\/b> &#8211; Fussball Ist Unser Leben<\/a> <b>[NEU]<\/b> <\/div>\n<div class=\"poseuros\"><b>29.<\/b> [00] <b>M@D<\/b> &#8211; The Concert (Seven Nation Army Cover) <b>[NEU]<\/b> <\/div>\n<div class=\"poseurow\"><b>30.<\/b> [17] <a href=\"https:\/\/www.oljo.de\/musik-download\/LOLLIES\/ADLER-AUF-DER-BRUST.php\" target=\"_blank\" title=\"Adler Auf Der Brust von Lollies f\u00fcr Deinen Player +PC \/ f\u00fcr Dein Handy. Mehr Info hier.\"><b>Lollies<\/b> &#8211; Adler Auf Der Brust<\/a> <\/div>\n<div class=\"poseuros\"><b>31.<\/b> [00] <a href=\"https:\/\/www.oljo.de\/musik-download\/XAVIER-NAIDOO\/DANKE.php\" target=\"_blank\" title=\"Danke von Xavier Naidoo f\u00fcr Deinen Player +PC \/ f\u00fcr Dein Handy. Mehr Info hier.\"><b>Xavier Naidoo<\/b> &#8211; Danke<\/a> [RE] <\/div>\n<div class=\"poseurow\"><b>32.<\/b> [00] <b>Heeresmusikkorps 4 Regensburg<\/b> &#8211; Deutsche Nationalhymne <b>[NEU]<\/b> <\/div>\n<div class=\"poseuros\"><b>33.<\/b> [40] <a href=\"https:\/\/www.oljo.de\/musik-download\/BOLZPLATZFREUNDE\/HERE-WE-GO.php\" target=\"_blank\" title=\"Here We Go von Bolzplatzfreunde f\u00fcr Deinen Player +PC \/ f\u00fcr Dein Handy. Mehr Info hier.\"><b>Bolzplatzfreunde<\/b> &#8211; Here We Go<\/a> <\/div>\n<div class=\"poseurow\"><b>34.<\/b> [32] <a href=\"https:\/\/www.oljo.de\/musik-download\/GURKENTRUPPE\/SCHADE-ENGLAND-BLEIBT-ZU-HAUS.php\" target=\"_blank\" title=\"Schade England Bleibt Zu Haus von Gurkentruppe f\u00fcr Deinen Player +PC \/ f\u00fcr Dein Handy. Mehr Info hier.\"><b>Gurkentruppe<\/b> &#8211; Schade England Bleibt Zu Haus<\/a> <\/div>\n<div class=\"poseuros\"><b>35.<\/b> [38] <a href=\"https:\/\/www.oljo.de\/musik-download\/XAVIER-NAIDOO\/DIESER-WEG.php\" target=\"_blank\" title=\"Dieser Weg von Xavier Naidoo f\u00fcr Deinen Player +PC \/ f\u00fcr Dein Handy. Mehr Info hier.\"><b>Xavier Naidoo<\/b> &#8211; Dieser Weg<\/a> <\/div>\n<div class=\"poseurow\"><b>36.<\/b> [00] <a href=\"https:\/\/www.oljo.de\/musik-download\/BASTA\/SPIELERFRAUEN.php\" target=\"_blank\" title=\"Spielerfrauen von Basta f\u00fcr Deinen Player +PC \/ f\u00fcr Dein Handy. Mehr Info hier.\"><b>Basta<\/b> &#8211; Spielerfrauen<\/a> [RE] <\/div>\n<div class=\"poseuros\"><b>37.<\/b> [00] <b>J\u00fcrgen &#038; Libero5<\/b> &#8211; Der Lu-Lu-Lukas-Song <b>[NEU]<\/b> <\/div>\n<div class=\"poseurow\"><b>38.<\/b> [34] <a href=\"https:\/\/www.oljo.de\/downloads\/BELLINI-SAMBA-DE-JANEIRO.php\" target=\"_blank\" title=\"Samba De Janeiro von Bellini f\u00fcr Deinen Player +PC \/ f\u00fcr Dein Handy. Mehr Info hier.\"><b>Bellini<\/b> &#8211; Samba De Janeiro<\/a> <\/div>\n<div class=\"poseuros\"><b>39.<\/b> [00] <a href=\"https:\/\/www.oljo.de\/musik-download\/JURGEN-DREWS\/FC-DEUTSCHLAND.php\" target=\"_blank\" title=\"Fc Deutschland von J\u00fcrgen Drews f\u00fcr Deinen Player +PC \/ f\u00fcr Dein Handy. Mehr Info hier.\"><b>J\u00fcrgen Drews<\/b> &#8211; FC Deutschland<\/a> [RE] <\/div>\n<div class=\"poseurow\"><b>40.<\/b> [00] <b>The Lightning Seeds<\/b> &#8211; Three Lions &#8217;98 <b>[NEU]<\/b> <\/div>\n<\/div>\n<hr>\n<p>Zum Thema:<br \/>\n<a href=\"https:\/\/www.oljo.de\/blog\/charts-em-songs-euro-2008\/\"><b>EM Songs Video Charts die Top 20 in dieser Woche<\/b><\/a>. Die meistgesehenen Musik-Videos zur Fussball-Europameisterschaft EURO 2008.<\/p>\n<hr>\n","protected":false},"excerpt":{"rendered":"<p>In der vergangenen Woche wurden von deutschen Musikkonsumenten \u00fcber 115.000 Downloads gekauft (Vorwoche: ca. 72.000), die das Thema Fussball Europameisterschaft bzw. Fussball im allgemeinen besingen. (W\u00e4hrend der EM wurden insgesamt&#8230;<\/p>\n","protected":false},"author":2,"featured_media":0,"parent":0,"menu_order":0,"comment_status":"open","ping_status":"closed","template":"","meta":{"footnotes":""},"class_list":["post-66","page","type-page","status-publish","hentry"],"jetpack-related-posts":[{"id":1285,"url":"https:\/\/www.oljo.de\/blog\/top-10-groste-hits-deutschland-groste-schlager-seit-1949\/","url_meta":{"origin":66,"position":0},"title":"Top 10 gr\u00f6\u00dfte Hits Deutschland &#8211; gr\u00f6\u00dfte Schlager seit 1949","author":"OLJO-Team","date":"1. Oktober 2009","format":false,"excerpt":"Aus Anla\u00df des Tags der Deutschen Einheit am 03.10.2009 hat der Fernsehsender ARD seine Zuschauer befragt, welche deutschen Schlager bzw. Popsongs, die seit Gr\u00fcndung der Bundesrepublik ver\u00f6ffentlicht wurden, die beliebtesten sind. Ergebnis war eine Top 30 Liste, die auch Hits aus den heutigen Bundesl\u00e4ndern enth\u00e4lt, die fr\u00fcher die \"DDR\" ausmachten.\u2026","rel":"","context":"In &quot;Charts Deutschland aktuell&quot;","block_context":{"text":"Charts Deutschland aktuell","link":"https:\/\/www.oljo.de\/blog\/themen\/chart-news-international\/charts-deutschland-aktuell\/"},"img":{"alt_text":"","src":"","width":0,"height":0},"classes":[]},{"id":345,"url":"https:\/\/www.oljo.de\/blog\/bundesvision-song-contest2009-videos\/","url_meta":{"origin":66,"position":1},"title":"Bundesvision Song Contest 2009 Videos","author":"OLJO-Team","date":"25. Januar 2009","format":false,"excerpt":"Bundesvision Song Contest 2009, die Teilnehmer Am Freitag, dem 13.02.2009, steigt in der Metropolishalle im Filmpark Babelsberg bei Potsdam mal wieder der Bundesvision Song Contest (BuViSoCo) des Fernsehsenders Pro 7. 16 Teilnehmer, f\u00fcr jedes Bundesland einer, k\u00e4mpfen um die Gunst, d.h. um die Votings des Fernsehpublikums. Folgende K\u00fcnstler und Songs\u2026","rel":"","context":"In &quot;Charts Deutschland aktuell&quot;","block_context":{"text":"Charts Deutschland aktuell","link":"https:\/\/www.oljo.de\/blog\/themen\/chart-news-international\/charts-deutschland-aktuell\/"},"img":{"alt_text":"","src":"","width":0,"height":0},"classes":[]},{"id":7308,"url":"https:\/\/www.oljo.de\/blog\/top40-musikwebsites-deutschland2012\/","url_meta":{"origin":66,"position":2},"title":"Top 40 Musikwebsites in Deutschland M\u00e4rz\/April 2012","author":"OLJO-Team","date":"6. Mai 2012","format":false,"excerpt":"Nach dem Vornehmen einer umfangreichen Studie ver\u00f6ffentlichen wir erstmals die Liste der 40 beliebtesten Musikwebsites in Deutschland. Ermittlungszeitraum waren M\u00e4rz und April 2012. \u00a0 Unsere kleine Website oljo.de kann sich in dem exklusiven Kreis der Top 40 Musikwebsites in Deutschland sogar platzieren. OLJO ist damit einer der gr\u00f6ssten von Medienunternhemen\u2026","rel":"","context":"Mit 1 Kommentar","block_context":{"text":"Mit 1 Kommentar","link":"https:\/\/www.oljo.de\/blog\/top40-musikwebsites-deutschland2012\/#comments"},"img":{"alt_text":"","src":"","width":0,"height":0},"classes":[]},{"id":7301,"url":"https:\/\/www.oljo.de\/blog\/radio-statistik-2012-die-grosten-sender-in-deutschland-berlin-und-nrw\/","url_meta":{"origin":66,"position":3},"title":"Radio Statistik 2012: Die gr\u00f6\u00dften Sender in Deutschland, Berlin und NRW","author":"OLJO-Team","date":"6. Mai 2012","format":false,"excerpt":"OLJO pr\u00e4sentiert die Liste der bedeutendsten Radiostationen in Deutschland! Welche Radiosender (bzw. deren programmbestimmenden Redakteure) in Deutschland entscheiden durch ihre Abspielrotationen was ein Radio Airplay Hit wird? Welche Sender sind die Lieblingsstationen der Deutschen unter 30 Jahren? Die Listen, gestaffelt nach durchschnittlicher t\u00e4glicher H\u00f6rerreichweite im ersten Quartal 2012, sind nach\u2026","rel":"","context":"Mit 7 Kommentaren","block_context":{"text":"Mit 7 Kommentaren","link":"https:\/\/www.oljo.de\/blog\/radio-statistik-2012-die-grosten-sender-in-deutschland-berlin-und-nrw\/#comments"},"img":{"alt_text":"","src":"","width":0,"height":0},"classes":[]},{"id":9779,"url":"https:\/\/www.oljo.de\/blog\/power-play-clubbing-oljo-dance-hits-musikvideos-top-50\/","url_meta":{"origin":66,"position":4},"title":"Dance &#038; House Top 50 Power Play. Dance Hits aktuell!","author":"OLJO-Team","date":"12. Februar 2014","format":false,"excerpt":"[su_box title=\"OLJO POWER PLAY CLUBBING\" style=\"noise\" box_color=\"#eeeeee\" title_color=\"#111111\" radius=\"5\"]Dance Musikvideo Top 50 der Woche im Endlos-Mix f\u00fcr Deine Party[\/su_box] Dance & House Top 50 Power Mix Woche 9\/2015 by OLJO: Die ultimative und brandaktuelle Dance TOP 50 der von Besuchern von oljo.de an diesem Wochenende (15.02.15 - 21.02.15) meistangesehenen clubtauglichen\u2026","rel":"","context":"\u00c4hnlicher Beitrag","block_context":{"text":"\u00c4hnlicher Beitrag","link":""},"img":{"alt_text":"","src":"","width":0,"height":0},"classes":[]},{"id":9626,"url":"https:\/\/www.oljo.de\/blog\/deutsche-musik-stars-2014-meiste-facebook-likes-januar2014\/","url_meta":{"origin":66,"position":5},"title":"Deutsche Musik Stars mit meisten Facebook Likes 2014 \/ Januar","author":"OLJO-Team","date":"30. Januar 2014","format":false,"excerpt":"OLJO pr\u00e4sentiert die offizielle Liste: bei Facebook beliebteste deutsche Musik Stars 2014 (Januar 2014) Stand der Datenerhebung ist der 29.01.2014. Beliebtheitsma\u00dfstab ist die Zahl der auf den jeweiligen offiziellen Profilen von Facebook angegeben Zahl der 'Likes'. Aktivit\u00e4tsindex: Grundlage ist der 'sprechen dar\u00fcber Wert' in der Woche 24.01. bis 30.01.14: Die\u2026","rel":"","context":"\u00c4hnlicher Beitrag","block_context":{"text":"\u00c4hnlicher Beitrag","link":""},"img":{"alt_text":"","src":"","width":0,"height":0},"classes":[]}],"jetpack_sharing_enabled":true,"_links":{"self":[{"href":"https:\/\/www.oljo.de\/blog\/wp-json\/wp\/v2\/pages\/66","targetHints":{"allow":["GET"]}}],"collection":[{"href":"https:\/\/www.oljo.de\/blog\/wp-json\/wp\/v2\/pages"}],"about":[{"href":"https:\/\/www.oljo.de\/blog\/wp-json\/wp\/v2\/types\/page"}],"author":[{"embeddable":true,"href":"https:\/\/www.oljo.de\/blog\/wp-json\/wp\/v2\/users\/2"}],"replies":[{"embeddable":true,"href":"https:\/\/www.oljo.de\/blog\/wp-json\/wp\/v2\/comments?post=66"}],"version-history":[{"count":0,"href":"https:\/\/www.oljo.de\/blog\/wp-json\/wp\/v2\/pages\/66\/revisions"}],"wp:attachment":[{"href":"https:\/\/www.oljo.de\/blog\/wp-json\/wp\/v2\/media?parent=66"}],"curies":[{"name":"wp","href":"https:\/\/api.w.org\/{rel}","templated":true}]}}