{"id":697,"date":"2009-05-17T05:06:51","date_gmt":"2009-05-17T03:06:51","guid":{"rendered":"https:\/\/www.oljo.de\/blog\/?page_id=697"},"modified":"2009-05-17T05:06:51","modified_gmt":"2009-05-17T03:06:51","slug":"offizielles-endergebnis-eurovision-song-contest-2009","status":"publish","type":"page","link":"https:\/\/www.oljo.de\/blog\/offizielles-endergebnis-eurovision-song-contest-2009\/","title":{"rendered":"Offizielles Endergebnis Eurovision Song Contest 2009"},"content":{"rendered":"<p><strong>Eurovision Song Contest 2009 in Moskau<\/strong><br \/>\nDie Eurovision ist das gr\u00f6\u00dfte im Fernsehen ausgestrahlte Musik Event der Erde. W\u00e4hrend der 3 st\u00fcndigen \u00dcbertragung schauen etwa 100 Mio europ\u00e4ische Fernsehzuschauer dem Song Contest zu. Weitere ca. 50-100 Mio Zuseher wird das Event durch nachfolgende Internetverbreitung erreichen.  Europaweit ausgestrahlt wurde die Show am 16.05.2009, Veranstaltungsort war die riesige Olympiahalle in Moskau (20.000 Zuschauer).<br \/>\nDie Musikvideos der Eurovisions Teilnehmersongs haben in diesem Jahr eine ungeahnte Popularit\u00e4t im Internet erreicht. Sch\u00e4tzungsweise 75-100 Mio Videoaufrufe, etwa doppelt so viele wie zum selben Zeitpunkt des Vorjahres (1 Tag nach dem Finale), erreichten diese Musik Videos. Spitzenreiter ist Alexander Rybaks Song Fairytale mit 7-9 Mio Views.<\/p>\n<p><b>Das offizielle Endergebnis: <\/b><\/p>\n<p>Platzierung &#8211; Land &#8211; Punktzahl<br \/>\n&#8212;&#8212;&#8212;&#8212;&#8212;&#8212;&#8212;&#8212;&#8212;&#8212;<br \/>\n<strong>1 Norwegen  387 <\/strong><br \/>\n<a href=\"https:\/\/www.oljo.de\/videos\/ALEXANDER-RYBAK-FAIRYTALE.php\" target=\"_blank\"><b>Alexander Rybak mit Fairytale<\/b> \/ offizielles Video<\/a><br \/>\n&#8212;&#8212;&#8212;&#8212;&#8212;&#8212;&#8212;&#8212;&#8212;&#8212;<br \/>\n 2 Island  218<br \/>\n<a href=\"https:\/\/www.oljo.de\/videos\/YOHANNA-IS-IT-TRUE.php\" target=\"_blank\">Yohanna mit Is It True \/ offizielles Video<\/a><\/p>\n<p>3 Aserbaidschan  207<br \/>\n<a href=\"https:\/\/www.oljo.de\/videos\/AYSEL-ARASH-ALWAYS.php\" target=\"_blank\">Aysel &#038; Arash mit Always \/ offizielles Video<\/a><\/p>\n<p>4 T\u00fcrkei  177<br \/>\n<a href=\"https:\/\/www.oljo.de\/videos\/HADISE-DUM-TEK-TEK.php\" target=\"_blank\">Hadise mit D\u00fcm Tek Tek \/ offizielles Video<\/a><\/p>\n<p>5 Grossbritannien  173<br \/>\n<a href=\"https:\/\/www.oljo.de\/videos\/JADE-EWEN-MY-TIME.php\" target=\"_blank\">Jade Ewen &#8211; My Time \/ offizielles Video<\/a><\/p>\n<p>6 Estland  129<br \/>\n7 Griechenland  120<br \/>\n8 Frankreich  107<br \/>\n9 Bosnien-Herzegowina  106<br \/>\n10 Armenien  92<br \/>\n11 Russland  91<br \/>\n12 Ukraine  76<br \/>\n13 D\u00e4nemark  74<br \/>\n14 Moldau  69<br \/>\n15 Portugal  57<br \/>\n16 Israel  53<br \/>\n17 Albanien  48<br \/>\n18 Kroatien  45<br \/>\n19 Rum\u00e4nien  40<br \/>\n<b>20 Deutschland  35 <\/b> <span style=\"font-size: 9px;\">kein Land vergab 8, oder mehr Punkte an Deutschland <\/span><br \/>\n21 Schweden  33<br \/>\n22 Malta  31<br \/>\n23 Litauen  23<br \/>\n24 Spanien  23<br \/>\n25 Finnland  22<\/p>\n<p>Quelle: EBU (European Broadcasting Union), offizielle Daten<br \/>\nDatum der Erstellung dieser Seite: 17.05.2009<\/p>\n","protected":false},"excerpt":{"rendered":"<p>Eurovision Song Contest 2009 in Moskau Die Eurovision ist das gr\u00f6\u00dfte im Fernsehen ausgestrahlte Musik Event der Erde. W\u00e4hrend der 3 st\u00fcndigen \u00dcbertragung schauen etwa 100 Mio europ\u00e4ische Fernsehzuschauer dem&#8230;<\/p>\n","protected":false},"author":2,"featured_media":0,"parent":0,"menu_order":1,"comment_status":"open","ping_status":"closed","template":"","meta":{"footnotes":""},"class_list":["post-697","page","type-page","status-publish","hentry"],"jetpack-related-posts":[{"id":4066,"url":"https:\/\/www.oljo.de\/blog\/offizielles-endergebnis-eurovision2010-oslo\/","url_meta":{"origin":697,"position":0},"title":"Offizielles Endergebnis Eurovision Song Contest 2010 Oslo","author":"OLJO-Team","date":"30. Mai 2010","format":false,"excerpt":"Eurovision Song Contest 2010 in Oslo Die Eurovision, das bedeutendste im Fernsehen ausgestrahlte Musik Event der Erde fand am 29.05.2010 in der norwegischen Hauptstadt Oslo statt. W\u00e4hrend der 3 st\u00fcndigen \u00dcbertragung schauten etwa 100-120 Mio europ\u00e4ische Fernsehzuschauer dem Song Contest (ESC) zu. Millionen weitere Zuseher wird dieses einzigartige Musik Event\u2026","rel":"","context":"In &quot;Charts Deutschland aktuell&quot;","block_context":{"text":"Charts Deutschland aktuell","link":"https:\/\/www.oljo.de\/blog\/themen\/chart-news-international\/charts-deutschland-aktuell\/"},"img":{"alt_text":"","src":"","width":0,"height":0},"classes":[]},{"id":9626,"url":"https:\/\/www.oljo.de\/blog\/deutsche-musik-stars-2014-meiste-facebook-likes-januar2014\/","url_meta":{"origin":697,"position":1},"title":"Deutsche Musik Stars mit meisten Facebook Likes 2014 \/ Januar","author":"OLJO-Team","date":"30. Januar 2014","format":false,"excerpt":"OLJO pr\u00e4sentiert die offizielle Liste: bei Facebook beliebteste deutsche Musik Stars 2014 (Januar 2014) Stand der Datenerhebung ist der 29.01.2014. Beliebtheitsma\u00dfstab ist die Zahl der auf den jeweiligen offiziellen Profilen von Facebook angegeben Zahl der 'Likes'. Aktivit\u00e4tsindex: Grundlage ist der 'sprechen dar\u00fcber Wert' in der Woche 24.01. bis 30.01.14: Die\u2026","rel":"","context":"\u00c4hnlicher Beitrag","block_context":{"text":"\u00c4hnlicher Beitrag","link":""},"img":{"alt_text":"","src":"","width":0,"height":0},"classes":[]},{"id":1285,"url":"https:\/\/www.oljo.de\/blog\/top-10-groste-hits-deutschland-groste-schlager-seit-1949\/","url_meta":{"origin":697,"position":2},"title":"Top 10 gr\u00f6\u00dfte Hits Deutschland &#8211; gr\u00f6\u00dfte Schlager seit 1949","author":"OLJO-Team","date":"1. Oktober 2009","format":false,"excerpt":"Aus Anla\u00df des Tags der Deutschen Einheit am 03.10.2009 hat der Fernsehsender ARD seine Zuschauer befragt, welche deutschen Schlager bzw. Popsongs, die seit Gr\u00fcndung der Bundesrepublik ver\u00f6ffentlicht wurden, die beliebtesten sind. Ergebnis war eine Top 30 Liste, die auch Hits aus den heutigen Bundesl\u00e4ndern enth\u00e4lt, die fr\u00fcher die \"DDR\" ausmachten.\u2026","rel":"","context":"In &quot;Charts Deutschland aktuell&quot;","block_context":{"text":"Charts Deutschland aktuell","link":"https:\/\/www.oljo.de\/blog\/themen\/chart-news-international\/charts-deutschland-aktuell\/"},"img":{"alt_text":"","src":"","width":0,"height":0},"classes":[]},{"id":7301,"url":"https:\/\/www.oljo.de\/blog\/radio-statistik-2012-die-grosten-sender-in-deutschland-berlin-und-nrw\/","url_meta":{"origin":697,"position":3},"title":"Radio Statistik 2012: Die gr\u00f6\u00dften Sender in Deutschland, Berlin und NRW","author":"OLJO-Team","date":"6. Mai 2012","format":false,"excerpt":"OLJO pr\u00e4sentiert die Liste der bedeutendsten Radiostationen in Deutschland! Welche Radiosender (bzw. deren programmbestimmenden Redakteure) in Deutschland entscheiden durch ihre Abspielrotationen was ein Radio Airplay Hit wird? Welche Sender sind die Lieblingsstationen der Deutschen unter 30 Jahren? Die Listen, gestaffelt nach durchschnittlicher t\u00e4glicher H\u00f6rerreichweite im ersten Quartal 2012, sind nach\u2026","rel":"","context":"Mit 7 Kommentaren","block_context":{"text":"Mit 7 Kommentaren","link":"https:\/\/www.oljo.de\/blog\/radio-statistik-2012-die-grosten-sender-in-deutschland-berlin-und-nrw\/#comments"},"img":{"alt_text":"","src":"","width":0,"height":0},"classes":[]},{"id":7308,"url":"https:\/\/www.oljo.de\/blog\/top40-musikwebsites-deutschland2012\/","url_meta":{"origin":697,"position":4},"title":"Top 40 Musikwebsites in Deutschland M\u00e4rz\/April 2012","author":"OLJO-Team","date":"6. Mai 2012","format":false,"excerpt":"Nach dem Vornehmen einer umfangreichen Studie ver\u00f6ffentlichen wir erstmals die Liste der 40 beliebtesten Musikwebsites in Deutschland. Ermittlungszeitraum waren M\u00e4rz und April 2012. \u00a0 Unsere kleine Website oljo.de kann sich in dem exklusiven Kreis der Top 40 Musikwebsites in Deutschland sogar platzieren. OLJO ist damit einer der gr\u00f6ssten von Medienunternhemen\u2026","rel":"","context":"Mit 1 Kommentar","block_context":{"text":"Mit 1 Kommentar","link":"https:\/\/www.oljo.de\/blog\/top40-musikwebsites-deutschland2012\/#comments"},"img":{"alt_text":"","src":"","width":0,"height":0},"classes":[]},{"id":345,"url":"https:\/\/www.oljo.de\/blog\/bundesvision-song-contest2009-videos\/","url_meta":{"origin":697,"position":5},"title":"Bundesvision Song Contest 2009 Videos","author":"OLJO-Team","date":"25. Januar 2009","format":false,"excerpt":"Bundesvision Song Contest 2009, die Teilnehmer Am Freitag, dem 13.02.2009, steigt in der Metropolishalle im Filmpark Babelsberg bei Potsdam mal wieder der Bundesvision Song Contest (BuViSoCo) des Fernsehsenders Pro 7. 16 Teilnehmer, f\u00fcr jedes Bundesland einer, k\u00e4mpfen um die Gunst, d.h. um die Votings des Fernsehpublikums. Folgende K\u00fcnstler und Songs\u2026","rel":"","context":"In &quot;Charts Deutschland aktuell&quot;","block_context":{"text":"Charts Deutschland aktuell","link":"https:\/\/www.oljo.de\/blog\/themen\/chart-news-international\/charts-deutschland-aktuell\/"},"img":{"alt_text":"","src":"","width":0,"height":0},"classes":[]}],"jetpack_sharing_enabled":true,"_links":{"self":[{"href":"https:\/\/www.oljo.de\/blog\/wp-json\/wp\/v2\/pages\/697","targetHints":{"allow":["GET"]}}],"collection":[{"href":"https:\/\/www.oljo.de\/blog\/wp-json\/wp\/v2\/pages"}],"about":[{"href":"https:\/\/www.oljo.de\/blog\/wp-json\/wp\/v2\/types\/page"}],"author":[{"embeddable":true,"href":"https:\/\/www.oljo.de\/blog\/wp-json\/wp\/v2\/users\/2"}],"replies":[{"embeddable":true,"href":"https:\/\/www.oljo.de\/blog\/wp-json\/wp\/v2\/comments?post=697"}],"version-history":[{"count":0,"href":"https:\/\/www.oljo.de\/blog\/wp-json\/wp\/v2\/pages\/697\/revisions"}],"wp:attachment":[{"href":"https:\/\/www.oljo.de\/blog\/wp-json\/wp\/v2\/media?parent=697"}],"curies":[{"name":"wp","href":"https:\/\/api.w.org\/{rel}","templated":true}]}}