{"id":8828,"date":"2013-05-19T02:26:16","date_gmt":"2013-05-19T00:26:16","guid":{"rendered":"https:\/\/www.oljo.de\/blog\/?page_id=8828"},"modified":"2013-05-19T02:26:16","modified_gmt":"2013-05-19T00:26:16","slug":"esc-2013-endergebnis-finale-malmo-schweden-18-mai-2013","status":"publish","type":"page","link":"https:\/\/www.oljo.de\/blog\/esc-2013-endergebnis-finale-malmo-schweden-18-mai-2013\/","title":{"rendered":"ESC 2013 Endergebnis Finale Malm\u00f6 Schweden 18 Mai 2013"},"content":{"rendered":"<h2>Hier das von der EBU ver\u00f6ffentlichte offizielle <strong>ESC 2013 Endergebnis<\/strong> (Eurovision Song Contest 2013) des Jahres 2013: <\/h2>\n<p>Siegerin ist mit 281 Punkten die S\u00e4ngerin <strong>Emmelie de Forest<\/strong>, die mit dem Pop-Folk Titel &#8218;<strong>Only Teardrops<\/strong>&#8218; f\u00fcr ihr Heimatland D\u00e4nemark erfolgreich an den Start ging. Deutschland belegte mit 18 Punkten Rang 21 von 26.<\/p>\n<p><b>1. D\u00c4NEMARK \/ 281 Punkte<\/b> \/ <b>Emmelie de Forest<\/b> mit Only Teardrops \/ <a href=\"https:\/\/www.oljo.de\/videos\/EMMELIE-DE-FOREST-ONLY-TEARDROPS.php\" target=\"blank\" title=\"Only Teardrops von Emmelie de Forest jetzt ansehen\">Video ansehen<\/a><br \/>\n<b>2. ASERBAIDSCHAN \/ 234 Punkte<\/b> \/ <b>Farid Mammadov<\/b> mit Hold Me \/ <a href=\"https:\/\/www.oljo.de\/videos\/FARID-MAMMADOV-HOLD-ME.php\" target=\"blank\" title=\"Hold Me von Farid Mammadov jetzt ansehen\">Video ansehen<\/a><br \/>\n<b>3. UKRAINE \/ 214 Punkte<\/b> \/ <b>Zlata Ognevich<\/b> mit Gravity \/ <a href=\"https:\/\/www.oljo.de\/videos\/ZLATA-OGNEVICH-GRAVITY.php\" target=\"blank\" title=\"Gravity von Zlata Ognevich jetzt ansehen\">Video ansehen<\/a><br \/>\n<b>4. NORWEGEN \/ 191 Punkte<\/b> \/ <b>Margaret Berger<\/b> mit I Feed You My Love \/ <a href=\"https:\/\/www.oljo.de\/videos\/MARGARET-BERGER-I-FEED-YOU-MY-LOVE.php\" target=\"blank\" title=\"I Feed You My Love von Margaret Berger jetzt ansehen\">Video ansehen<\/a><br \/>\n<b>5. RUSSLAND \/ 174 Punkte<\/b> \/ <b>Dina Garipova<\/b> mit What If \/ <a href=\"https:\/\/www.oljo.de\/videos\/DINA-GARIPOVA-WHAT-IF.php\" target=\"blank\" title=\"What If von Dina Garipova jetzt ansehen\">Video ansehen<\/a><br \/>\n<b>6. GRIECHENLAND \/ 152 Punkte<\/b> \/ <b>Koza Mostra &amp; Agathon Iakovidis<\/b> mit Alcohol Is Free \/ <a href=\"https:\/\/www.oljo.de\/videos\/KOZA-MOSTRA-AGATHON-IAKOVIDIS-ALCOHOL-IS-FREE.php\" target=\"blank\" title=\"Alcohol Is Free von Koza Mostra &amp; Agathon Iakovidis jetzt ansehen\">Video ansehen<\/a><br \/>\n<b>7. ITALIEN (Big 5) \/ 126 Punkte<\/b> \/ <b>Marco Mengoni<\/b> mit L&#8217;Essenziale \/ <a href=\"https:\/\/www.oljo.de\/videos\/MARCO-MENGONI-LESSENZIALE.php\" target=\"blank\" title=\"L'Essenziale von Marco Mengoni jetzt ansehen\">Video ansehen<\/a><br \/>\n<b>8. MALTA \/ 120 Punkte<\/b> \/ <b>Gianluca Bezzina<\/b> mit Tomorrow \/ <a href=\"https:\/\/www.oljo.de\/videos\/GIANLUCA-BEZZINA-TOMORROW.php\" target=\"blank\" title=\"Tomorrow von Gianluca Bezzina jetzt ansehen\">Video ansehen<\/a><br \/>\n<b>9. NIEDERLANDE \/ 114 Punkte<\/b> \/ <b>Anouk<\/b> mit Birds \/ <a href=\"https:\/\/www.oljo.de\/videos\/ANOUK-BIRDS.php\" target=\"blank\" title=\"Birds von Anouk jetzt ansehen\">Video ansehen<\/a><br \/>\n<b>10. UNGARN \/ 84 Punkte<\/b> \/ <b>ByeAlex<\/b> mit Kedvesem (Zoohacker Remix) \/ <a href=\"https:\/\/www.oljo.de\/videos\/BYEALEX-KEDVESEM.php\" target=\"blank\" title=\"Kedvesem (Zoohacker Remix) von ByeAlex jetzt ansehen\">Video ansehen<\/a><br \/>\n<b>11. MOLDAWIEN \/ 71 Punkte<\/b> \/ <b>Aliona Moon<\/b> mit O Mie \/ <a href=\"https:\/\/www.oljo.de\/videos\/ALIONA-MOON-O-MIE.php\" target=\"blank\" title=\"O Mie von Aliona Moon jetzt ansehen\">Video ansehen<\/a><br \/>\n<b>12. BELGIEN \/ 71 Punkte<\/b> \/ <b>Roberto Bellarosa<\/b> mit Love Kills \/ <a href=\"https:\/\/www.oljo.de\/videos\/ROBERT-BELLAROSA-LOVE-KILLS.php\" target=\"blank\" title=\"Love Kills von Roberto Bellarosa jetzt ansehen\">Video ansehen<\/a><br \/>\n<b>13. RUM\u00c4NIEN \/ 65 Punkte<\/b> \/ <b>Cezar<\/b> mit It&#8217;s My Life \/ <a href=\"https:\/\/www.oljo.de\/videos\/CESAR-ITS-MY-LIFE.php\" target=\"blank\" title=\"It's My Life von Cezar jetzt ansehen\">Video ansehen<\/a><br \/>\n<b>14. SCHWEDEN \/ 62 Punkte<\/b> \/ <b>Robin Stjernberg<\/b> mit You \/ <a href=\"https:\/\/www.oljo.de\/videos\/ROBIN-STJERNBERG-YOU.php\" target=\"blank\" title=\"You von Robin Stjernberg jetzt ansehen\">Video ansehen<\/a><br \/>\n<b>15. GEORGIEN \/ 50 Punkte<\/b> \/ <b>Nodi Tatishvili &amp; Sophie Gelovani<\/b> mit Waterfall \/ <a href=\"https:\/\/www.oljo.de\/videos\/NODI-TATISHVILI-SOPHIE-GELOVANI-WATERFALL.php\" target=\"blank\" title=\"Waterfall von Nodi Tatishvili &amp; Sophie Gelovani jetzt ansehen\">Video ansehen<\/a><br \/>\n<b>16. WEISSRUSSLAND \/ 48 Punkte<\/b> \/ <b>Alyona Lanskaya<\/b> mit Solayoh \/ <a href=\"http:\/\/www.youtube.com\/watch?v=N4S4m9R-ffA\" target=\"blank\" title=\"Solayoh von Alyona Lanskaya jetzt ansehen\">Video ansehen<\/a><br \/>\n<b>17. ISLAND \/ 47 Punkte<\/b> \/ <b>Eythor Ingi Gunlaugsson<\/b> mit \u00c9g \u00c1 L\u00edf \/ <a href=\"https:\/\/www.oljo.de\/videos\/EYTHOR-INGI-GUNNLAUGSSON-EG-A-LIF.php\" target=\"blank\" title=\"\u00c9g \u00c1 L\u00edf von Eythor Ingi Gunlaugsson jetzt ansehen\">Video ansehen<\/a><br \/>\n<b>18. ARMENIA \/ 41 Punkte<\/b> \/ <b>Dorians<\/b> mit Lonely Planet \/ <a href=\"https:\/\/www.oljo.de\/videos\/DORIANS-LONELY-PLANET.php\" target=\"blank\" title=\"Lonely Planet von Dorians jetzt ansehen\">Video ansehen<\/a><br \/>\n<b>19. UK (Big 5) \/ 23 Punkte<\/b> \/ <b>Bonnie Tyler<\/b> mit Believe In Me \/ <a href=\"https:\/\/www.oljo.de\/videos\/BONNIE-TYLER-BELIEVE-IN-ME.php\" target=\"blank\" title=\"Believe In Me von Bonnie Tyler jetzt ansehen\">Video ansehen<\/a><br \/>\n<b>20. ESTLAND \/ 19 Punkte<\/b> \/ <b>Birgit<\/b> mit Et Uus Saaks Alguse \/ <a href=\"http:\/\/www.youtube.com\/watch?v=02uHFbCN2JI\" target=\"blank\" title=\"Et Uus Saaks Alguse von Birgit jetzt ansehen\">Video ansehen<\/a><br \/>\n<b>21. DEUTSCHLAND (Big 5) \/ 18 Punkte<\/b> \/ <b>Cascada<\/b> mit Glorious \/ <a href=\"https:\/\/www.oljo.de\/videos\/CASCADA-GLORIOUS.php\" target=\"blank\" title=\"Glorious von Cascada jetzt ansehen\">Video ansehen<\/a><br \/>\n<b>22. LITAUEN \/ 17 Punkte<\/b> \/ <b>Andrius Pojavis<\/b> mit Something \/ <a href=\"http:\/\/www.youtube.com\/watch?v=MCZ6RRwKcIE\" target=\"blank\" title=\"Something von Andrius Pojavis jetzt ansehen\">Video ansehen<\/a><br \/>\n<b>23. FRANKREICH (Big 5) \/ 14 Punkte<\/b> \/ <b>Amandine Bourgeois<\/b> mit L&#8217;enfer Et Moi \/ <a href=\"https:\/\/www.oljo.de\/videos\/AMANDINE-BOURGEOIS-LENFER-ET-MOI.php\" target=\"blank\" title=\"L'enfer Et Moi von Amandine Bourgeois jetzt ansehen\">Video ansehen<\/a><br \/>\n<b>24. FINNLAND \/ 13 Punkte<\/b> \/ <b>Krista Siegfrids<\/b> mit Marry Me \/ <a href=\"https:\/\/www.oljo.de\/videos\/KRISTA-SIEGFRIDS-MARRY-ME.php\" target=\"blank\" title=\"Marry Me von Krista Siegfrids jetzt ansehen\">Video ansehen<\/a><br \/>\n<b>25. SPANIEN (Big 5) \/ 8 Punkte<\/b> \/ <b>ESDM<\/b> mit Contigo Hasta El Final (With You Until The End) \/ <a href=\"https:\/\/www.oljo.de\/videos\/ESDM-CONTIGO-HASTA-EL-FINAL.php\" target=\"blank\" title=\"Contigo Hasta El Final (With You Until The End) von ESDM jetzt ansehen\">Video ansehen<\/a><br \/>\n<b>26. IRLAND \/ 5 Punkte<\/b> \/ <b>Ryan Dolan<\/b> mit Only Love Survives \/ <a href=\"https:\/\/www.oljo.de\/videos\/RYAN-DOLAN-ONLY-LOVE-SURVIVES.php\" target=\"blank\" title=\"Only Love Survives von Ryan Dolan jetzt ansehen\">Video ansehen<\/a><\/p>\n<p>Offizielles <strong>ESC 2013 Endergebnis<\/strong>. Quelle: EBU.<\/p>\n","protected":false},"excerpt":{"rendered":"<p>Hier das von der EBU ver\u00f6ffentlichte offizielle ESC 2013 Endergebnis (Eurovision Song Contest 2013) des Jahres 2013: Siegerin ist mit 281 Punkten die S\u00e4ngerin Emmelie de Forest, die mit dem&#8230;<\/p>\n","protected":false},"author":2,"featured_media":0,"parent":0,"menu_order":0,"comment_status":"open","ping_status":"closed","template":"","meta":{"footnotes":""},"class_list":["post-8828","page","type-page","status-publish","hentry"],"jetpack-related-posts":[{"id":697,"url":"https:\/\/www.oljo.de\/blog\/offizielles-endergebnis-eurovision-song-contest-2009\/","url_meta":{"origin":8828,"position":0},"title":"Offizielles Endergebnis Eurovision Song Contest 2009","author":"OLJO-Team","date":"17. Mai 2009","format":false,"excerpt":"Eurovision Song Contest 2009 in Moskau Die Eurovision ist das gr\u00f6\u00dfte im Fernsehen ausgestrahlte Musik Event der Erde. W\u00e4hrend der 3 st\u00fcndigen \u00dcbertragung schauen etwa 100 Mio europ\u00e4ische Fernsehzuschauer dem Song Contest zu. Weitere ca. 50-100 Mio Zuseher wird das Event durch nachfolgende Internetverbreitung erreichen. Europaweit ausgestrahlt wurde die Show\u2026","rel":"","context":"In &quot;Charts Deutschland aktuell&quot;","block_context":{"text":"Charts Deutschland aktuell","link":"https:\/\/www.oljo.de\/blog\/themen\/chart-news-international\/charts-deutschland-aktuell\/"},"img":{"alt_text":"","src":"","width":0,"height":0},"classes":[]},{"id":4066,"url":"https:\/\/www.oljo.de\/blog\/offizielles-endergebnis-eurovision2010-oslo\/","url_meta":{"origin":8828,"position":1},"title":"Offizielles Endergebnis Eurovision Song Contest 2010 Oslo","author":"OLJO-Team","date":"30. Mai 2010","format":false,"excerpt":"Eurovision Song Contest 2010 in Oslo Die Eurovision, das bedeutendste im Fernsehen ausgestrahlte Musik Event der Erde fand am 29.05.2010 in der norwegischen Hauptstadt Oslo statt. W\u00e4hrend der 3 st\u00fcndigen \u00dcbertragung schauten etwa 100-120 Mio europ\u00e4ische Fernsehzuschauer dem Song Contest (ESC) zu. Millionen weitere Zuseher wird dieses einzigartige Musik Event\u2026","rel":"","context":"In &quot;Charts Deutschland aktuell&quot;","block_context":{"text":"Charts Deutschland aktuell","link":"https:\/\/www.oljo.de\/blog\/themen\/chart-news-international\/charts-deutschland-aktuell\/"},"img":{"alt_text":"","src":"","width":0,"height":0},"classes":[]},{"id":345,"url":"https:\/\/www.oljo.de\/blog\/bundesvision-song-contest2009-videos\/","url_meta":{"origin":8828,"position":2},"title":"Bundesvision Song Contest 2009 Videos","author":"OLJO-Team","date":"25. Januar 2009","format":false,"excerpt":"Bundesvision Song Contest 2009, die Teilnehmer Am Freitag, dem 13.02.2009, steigt in der Metropolishalle im Filmpark Babelsberg bei Potsdam mal wieder der Bundesvision Song Contest (BuViSoCo) des Fernsehsenders Pro 7. 16 Teilnehmer, f\u00fcr jedes Bundesland einer, k\u00e4mpfen um die Gunst, d.h. um die Votings des Fernsehpublikums. Folgende K\u00fcnstler und Songs\u2026","rel":"","context":"In &quot;Charts Deutschland aktuell&quot;","block_context":{"text":"Charts Deutschland aktuell","link":"https:\/\/www.oljo.de\/blog\/themen\/chart-news-international\/charts-deutschland-aktuell\/"},"img":{"alt_text":"","src":"","width":0,"height":0},"classes":[]},{"id":7281,"url":"https:\/\/www.oljo.de\/blog\/oljo-blog-allzeit-top30-news\/","url_meta":{"origin":8828,"position":3},"title":"Top 30 Allzeit News","author":"OLJO-Team","date":"3. Mai 2012","format":false,"excerpt":"Hier die Liste der von den Besuchern des OLJO Blogs (https:\/\/www.oljo.de\/blog) meistgelesenen Newsartikel ever (Zeitraum 01.01.2009 bis 02.05.2012), sowie eine kleine Besucherstatistik. In dem genannten Zeitraum vermittelte OLJO Blog insgesamt 4.255.127 Seitenaufrufe. Herkunft der Besucher, die Seiten beim OLJO Blog mindestens 1 Seite aufgerufen haben: 87,1% stammten aus Deutschland, 3,5%\u2026","rel":"","context":"\u00c4hnlicher Beitrag","block_context":{"text":"\u00c4hnlicher Beitrag","link":""},"img":{"alt_text":"","src":"","width":0,"height":0},"classes":[]},{"id":11825,"url":"https:\/\/www.oljo.de\/blog\/datenschutzerklaerung\/","url_meta":{"origin":8828,"position":4},"title":"Datenschutzerkl\u00e4rung","author":"OLJO-Team","date":"9. Juli 2018","format":false,"excerpt":"Wer wir sindDie Adresse unserer Website ist: https:\/\/www.oljo.de\/blog.Welche personenbezogenen Daten wir sammeln und warum wir sie sammelnKommentareWenn Besucher Kommentare auf der Website schreiben, sammeln wir die Daten, die im Kommentar-Formular angezeigt werden, au\u00dferdem die IP-Adresse des Besuchers und den User-Agent-String (damit wird der Browser identifiziert), um die Erkennung von Spam\u2026","rel":"","context":"\u00c4hnlicher Beitrag","block_context":{"text":"\u00c4hnlicher Beitrag","link":""},"img":{"alt_text":"","src":"","width":0,"height":0},"classes":[]},{"id":7308,"url":"https:\/\/www.oljo.de\/blog\/top40-musikwebsites-deutschland2012\/","url_meta":{"origin":8828,"position":5},"title":"Top 40 Musikwebsites in Deutschland M\u00e4rz\/April 2012","author":"OLJO-Team","date":"6. Mai 2012","format":false,"excerpt":"Nach dem Vornehmen einer umfangreichen Studie ver\u00f6ffentlichen wir erstmals die Liste der 40 beliebtesten Musikwebsites in Deutschland. Ermittlungszeitraum waren M\u00e4rz und April 2012. \u00a0 Unsere kleine Website oljo.de kann sich in dem exklusiven Kreis der Top 40 Musikwebsites in Deutschland sogar platzieren. OLJO ist damit einer der gr\u00f6ssten von Medienunternhemen\u2026","rel":"","context":"Mit 1 Kommentar","block_context":{"text":"Mit 1 Kommentar","link":"https:\/\/www.oljo.de\/blog\/top40-musikwebsites-deutschland2012\/#comments"},"img":{"alt_text":"","src":"","width":0,"height":0},"classes":[]}],"jetpack_sharing_enabled":true,"_links":{"self":[{"href":"https:\/\/www.oljo.de\/blog\/wp-json\/wp\/v2\/pages\/8828","targetHints":{"allow":["GET"]}}],"collection":[{"href":"https:\/\/www.oljo.de\/blog\/wp-json\/wp\/v2\/pages"}],"about":[{"href":"https:\/\/www.oljo.de\/blog\/wp-json\/wp\/v2\/types\/page"}],"author":[{"embeddable":true,"href":"https:\/\/www.oljo.de\/blog\/wp-json\/wp\/v2\/users\/2"}],"replies":[{"embeddable":true,"href":"https:\/\/www.oljo.de\/blog\/wp-json\/wp\/v2\/comments?post=8828"}],"version-history":[{"count":0,"href":"https:\/\/www.oljo.de\/blog\/wp-json\/wp\/v2\/pages\/8828\/revisions"}],"wp:attachment":[{"href":"https:\/\/www.oljo.de\/blog\/wp-json\/wp\/v2\/media?parent=8828"}],"curies":[{"name":"wp","href":"https:\/\/api.w.org\/{rel}","templated":true}]}}