{"id":9779,"date":"2014-02-12T19:34:29","date_gmt":"2014-02-12T18:34:29","guid":{"rendered":"https:\/\/www.oljo.de\/blog\/?page_id=9779"},"modified":"2015-02-25T19:23:18","modified_gmt":"2015-02-25T18:23:18","slug":"power-play-clubbing-oljo-dance-hits-musikvideos-top-50","status":"publish","type":"page","link":"https:\/\/www.oljo.de\/blog\/power-play-clubbing-oljo-dance-hits-musikvideos-top-50\/","title":{"rendered":"Dance &#038; House Top 50 Power Play. Dance Hits aktuell!"},"content":{"rendered":"<p>[su_box title=&#8220;OLJO POWER PLAY CLUBBING&#8220; style=&#8220;noise&#8220; box_color=&#8220;#eeeeee&#8220; title_color=&#8220;#111111&#8243; radius=&#8220;5&#8243;]Dance Musikvideo Top 50 der Woche im Endlos-Mix f\u00fcr Deine Party[\/su_box]<br \/>\n<div class=\"divider-1px-dashed\"><\/div><div class=\"clear\"><\/div><\/p>\n<h2>Dance &#038; House Top 50 Power Mix Woche 9\/2015 by OLJO:<\/h2>\n<p>Die ultimative und brandaktuelle Dance TOP 50 der von Besuchern von oljo.de an diesem Wochenende (15.02.15 &#8211; 21.02.15) meistangesehenen clubtauglichen Dance Tracks unterschiedlicher Genres (House, Deep House, Dance, Dance Rap, Elektro, EDM, Melodic House, Minimal, Kizomba, Zouk usw. )! Check it out! \u00dcber 3 Stunden aktuellste Dance Hits!<br \/>\n<div class=\"clear\"><\/div><div class=\"margin-10b\"><\/div><br \/>\n<iframe loading=\"lazy\" width=\"700\" height=\"394\" src=\"\/\/www.youtube.com\/embed\/videoseries?list=PLmdvqiAEPIdQuNs_RD4lwGIts99q3PQVv&#038;index=0&#038;modestbranding=1&#038;iv_load_policy=3\" frameborder=\"0\" allowfullscreen><\/iframe><br \/>\n<div class=\"clear\"><\/div><div class=\"margin-10b\"><\/div><\/p>\n<div class=\"adsense-left\">\r\n\t\t<script data-jetpack-boost=\"ignore\" type=\"text\/javascript\"><!--\r\n    \t\tgoogle_ad_client = \"ca-pub-4852373510811004\";\r\n    \t\tgoogle_ad_slot = \"6390095105\";\r\n    \t\tgoogle_ad_width = 250;\r\n    \t\tgoogle_ad_height = 250;\r\n    \t\t\/\/-->\r\n    \t\t<\/script>\r\n    \t\t<script data-jetpack-boost=\"ignore\" type=\"text\/javascript\" src=\"http:\/\/pagead2.googlesyndication.com\/pagead\/show_ads.js\"><\/script>\r\n\t\t<\/div>\n<p><div class=\"clear\"><\/div><div class=\"margin-10b\"><\/div><br \/>\n[su_carousel source=&#8220;posts: recent&#8220; limit=&#8220;10&#8243; link=&#8220;post&#8220;]<br \/>\n<div class=\"clear\"><\/div><div class=\"margin-10b\"><\/div><br \/>\nDie OLJO <strong>Dance &#038; House Top 50 Chart Mix Playlist<\/strong> zeigt die in der oben angebenen Woche von Besuchern von oljo.de meistangesehenen bei Youtube gehosteten Musikvideos, die clubtaugliche Musik enthalten. Wir w\u00fcnschen viel Spa\u00df!<br \/>\nUnsere aktuelle Dance &#038; House Top 50 Playlist hat eine <strong>Gesamtspielzeit von 3 Stunden und 5 Minuten<\/strong>.<\/p>\n<blockquote><p><b>Hinweis<\/b>: Falls in deinem Browser die Videoqualit\u00e4t der Videos unserer Playlist nicht automatisch auf HD eingestellt ist <strong>empfehlen wir dir &#8218;HD 720&#8216; manuell am Videoplayer selbst einzustellen<\/strong> (sofern Deine Internetverbindung eine WLAN-basierte schnelle ist).<\/p><\/blockquote>\n<p>Die <strong>Nummer 1<\/strong> kommt in dieser Woche vom <strong>OMI<\/strong> aus Jamaika, der mit seinem aktuellen Mega Hit &#8218;<strong>Cheerleader<\/strong>&#8218; (geremixt vom jungen Hamburger DJ <strong>Felix Jaehn<\/strong>) die Charts fast ganz Europas im Griff hat. Gefolgt wird er vom deutschen DJ Star <strong>Robin Schulz<\/strong> aus Osnabr\u00fcck mit &#8218;<strong>Sun Goes Down<\/strong>&#8218;.<br \/>\nAuf 3 gestiegen in der Popularit\u00e4t bei den Besuchern von oljo.de in dieser Woche ist &#8218;<strong>Void<\/strong>&#8218; vom Berliner DJ Star <strong>Fritz Kalkbrenner<\/strong>.<br \/>\nDas k\u00f6nnte dich auch interessieren: Die OLJO <a href=\"https:\/\/www.oljo.de\/dancechart_clubchart_d\/oljodance.html\">Dance Deutschland Top 100 Charts<\/a> pr\u00e4sentiert jede Woche die 100 in Clubs und im Internet angesagtesten Dance &#038; Club Tracks in Deutschland. In dieser Chart werden auch zahlreiche Musikvideos platzierter Titel vorgestellt, die bei Youtube entweder gesperrt, nicht vorhanden, aber auf anderen Video-Platformen gehostet werden. <\/p>\n","protected":false},"excerpt":{"rendered":"<p>[su_box title=&#8220;OLJO POWER PLAY CLUBBING&#8220; style=&#8220;noise&#8220; box_color=&#8220;#eeeeee&#8220; title_color=&#8220;#111111&#8243; radius=&#8220;5&#8243;]Dance Musikvideo Top 50 der Woche im Endlos-Mix f\u00fcr Deine Party[\/su_box] Dance &#038; House Top 50 Power Mix Woche 9\/2015 by OLJO:&#8230;<\/p>\n","protected":false},"author":2,"featured_media":0,"parent":0,"menu_order":0,"comment_status":"open","ping_status":"closed","template":"wp-trustme\/template-full-width.php","meta":{"footnotes":""},"class_list":["post-9779","page","type-page","status-publish","hentry"],"jetpack-related-posts":[{"id":9788,"url":"https:\/\/www.oljo.de\/blog\/rap-konferenz-top-20-power-play\/","url_meta":{"origin":9779,"position":0},"title":"Rap Konferenz Top 20 Power Play!","author":"OLJO-Team","date":"12. Februar 2014","format":false,"excerpt":"RAP KONFERENZ TOP 20 OLJO Rap Video Power Play jetzt starten: Die besten und beliebtesten Rap Hits! Die 20 von deutschsprachigen Besuchern von OLJO.de in der letzten Woche meistgesehenen Youtube Musikvideos aus dem Musikbereich 'Rap, deutsche K\u00fcnstler'. Deutsch-, oder englischsprachig, musikgenre\u00fcbergreifend (HipHop, Dance, ggf. Party Schlager). Ermittlungszeitraum ist immer der\u2026","rel":"","context":"\u00c4hnlicher Beitrag","block_context":{"text":"\u00c4hnlicher Beitrag","link":""},"img":{"alt_text":"","src":"https:\/\/i0.wp.com\/www.oljo.de\/270vidpic\/MARTEROMG71.jpg?resize=350%2C200&ssl=1","width":350,"height":200},"classes":[]},{"id":9737,"url":"https:\/\/www.oljo.de\/blog\/neue-videos-power-play-fresh-beats-whoaa\/","url_meta":{"origin":9779,"position":1},"title":"Neue Videos Power Mix","author":"OLJO-Team","date":"12. Februar 2014","format":false,"excerpt":"[su_note]Hier die Top 20 Fresh Hit Liste in der Einzel\u00fcbersicht: [\/su_note] Platz InterpretTitel MP3\/Video 1 ANNENMAYKANTEREITBARFUSS AM KLAVIER 2 CHRISTIAN STEIFFENICH HAB DIR DEN MOND GEKAUFT 3 JAY LOVEMY FAVOURITE GIRL 4 TLXMOCO VAI 5 ANNENMAYKANTEREITOFT GEFRAGT 6 SOPHIE SILVAAI AI 7 CIREVOCE ME ENGANA 8 WIENER BLONDKAANA WAAS WARUM\u2026","rel":"","context":"\u00c4hnlicher Beitrag","block_context":{"text":"\u00c4hnlicher Beitrag","link":""},"img":{"alt_text":"","src":"https:\/\/i0.wp.com\/www.oljo.de\/270vidpic\/ANNENMBARFUS82.jpg?resize=350%2C200&ssl=1","width":350,"height":200},"classes":[]},{"id":9758,"url":"https:\/\/www.oljo.de\/blog\/oljo-promo-voting\/","url_meta":{"origin":9779,"position":2},"title":"OLJO Promo Voting","author":"OLJO-Team","date":"12. Februar 2014","format":false,"excerpt":"Schnellvorstellung der Videos, \u00fcber die Du freundlicherweise ein Abstimmungsurteil f\u00e4llen k\u00f6nntes: Die Videos in einer jeweils 40 Sekunden Kurzvorstellung: https:\/\/www.youtube.com\/watch?v=SVwc5mohFmA&list=PLmdvqiAEPIdRtiwF_DsCed6e8XAA9R0BZ (( VOTING )) Du kannst f\u00fcr bis zu 2 Tracks stimmen!! Dein Fachurteil ist gefragt; Welches dieser Videos hat Deiner Einsch\u00e4tzung nach die vielleicht besten Aussichten ein 'Promo-Erfolg' auf oljo.de\u2026","rel":"","context":"\u00c4hnlicher Beitrag","block_context":{"text":"\u00c4hnlicher Beitrag","link":""},"img":{"alt_text":"","src":"https:\/\/i0.wp.com\/img.youtube.com\/vi\/PLmdvqiAEPIdRtiwF_DsCed6e8XAA9R0BZ\/0.jpg?resize=350%2C200","width":350,"height":200},"classes":[]},{"id":9626,"url":"https:\/\/www.oljo.de\/blog\/deutsche-musik-stars-2014-meiste-facebook-likes-januar2014\/","url_meta":{"origin":9779,"position":3},"title":"Deutsche Musik Stars mit meisten Facebook Likes 2014 \/ Januar","author":"OLJO-Team","date":"30. Januar 2014","format":false,"excerpt":"OLJO pr\u00e4sentiert die offizielle Liste: bei Facebook beliebteste deutsche Musik Stars 2014 (Januar 2014) Stand der Datenerhebung ist der 29.01.2014. Beliebtheitsma\u00dfstab ist die Zahl der auf den jeweiligen offiziellen Profilen von Facebook angegeben Zahl der 'Likes'. Aktivit\u00e4tsindex: Grundlage ist der 'sprechen dar\u00fcber Wert' in der Woche 24.01. bis 30.01.14: Die\u2026","rel":"","context":"\u00c4hnlicher Beitrag","block_context":{"text":"\u00c4hnlicher Beitrag","link":""},"img":{"alt_text":"","src":"","width":0,"height":0},"classes":[]},{"id":7308,"url":"https:\/\/www.oljo.de\/blog\/top40-musikwebsites-deutschland2012\/","url_meta":{"origin":9779,"position":4},"title":"Top 40 Musikwebsites in Deutschland M\u00e4rz\/April 2012","author":"OLJO-Team","date":"6. Mai 2012","format":false,"excerpt":"Nach dem Vornehmen einer umfangreichen Studie ver\u00f6ffentlichen wir erstmals die Liste der 40 beliebtesten Musikwebsites in Deutschland. Ermittlungszeitraum waren M\u00e4rz und April 2012. \u00a0 Unsere kleine Website oljo.de kann sich in dem exklusiven Kreis der Top 40 Musikwebsites in Deutschland sogar platzieren. OLJO ist damit einer der gr\u00f6ssten von Medienunternhemen\u2026","rel":"","context":"Mit 1 Kommentar","block_context":{"text":"Mit 1 Kommentar","link":"https:\/\/www.oljo.de\/blog\/top40-musikwebsites-deutschland2012\/#comments"},"img":{"alt_text":"","src":"","width":0,"height":0},"classes":[]},{"id":7281,"url":"https:\/\/www.oljo.de\/blog\/oljo-blog-allzeit-top30-news\/","url_meta":{"origin":9779,"position":5},"title":"Top 30 Allzeit News","author":"OLJO-Team","date":"3. Mai 2012","format":false,"excerpt":"Hier die Liste der von den Besuchern des OLJO Blogs (https:\/\/www.oljo.de\/blog) meistgelesenen Newsartikel ever (Zeitraum 01.01.2009 bis 02.05.2012), sowie eine kleine Besucherstatistik. In dem genannten Zeitraum vermittelte OLJO Blog insgesamt 4.255.127 Seitenaufrufe. Herkunft der Besucher, die Seiten beim OLJO Blog mindestens 1 Seite aufgerufen haben: 87,1% stammten aus Deutschland, 3,5%\u2026","rel":"","context":"\u00c4hnlicher Beitrag","block_context":{"text":"\u00c4hnlicher Beitrag","link":""},"img":{"alt_text":"","src":"","width":0,"height":0},"classes":[]}],"jetpack_sharing_enabled":true,"_links":{"self":[{"href":"https:\/\/www.oljo.de\/blog\/wp-json\/wp\/v2\/pages\/9779","targetHints":{"allow":["GET"]}}],"collection":[{"href":"https:\/\/www.oljo.de\/blog\/wp-json\/wp\/v2\/pages"}],"about":[{"href":"https:\/\/www.oljo.de\/blog\/wp-json\/wp\/v2\/types\/page"}],"author":[{"embeddable":true,"href":"https:\/\/www.oljo.de\/blog\/wp-json\/wp\/v2\/users\/2"}],"replies":[{"embeddable":true,"href":"https:\/\/www.oljo.de\/blog\/wp-json\/wp\/v2\/comments?post=9779"}],"version-history":[{"count":0,"href":"https:\/\/www.oljo.de\/blog\/wp-json\/wp\/v2\/pages\/9779\/revisions"}],"wp:attachment":[{"href":"https:\/\/www.oljo.de\/blog\/wp-json\/wp\/v2\/media?parent=9779"}],"curies":[{"name":"wp","href":"https:\/\/api.w.org\/{rel}","templated":true}]}}