{"id":9788,"date":"2014-02-12T19:35:47","date_gmt":"2014-02-12T18:35:47","guid":{"rendered":"https:\/\/www.oljo.de\/blog\/?page_id=9788"},"modified":"2014-05-05T18:32:07","modified_gmt":"2014-05-05T16:32:07","slug":"rap-konferenz-top-20-power-play","status":"publish","type":"page","link":"https:\/\/www.oljo.de\/blog\/rap-konferenz-top-20-power-play\/","title":{"rendered":"Rap Konferenz Top 20 Power Play!"},"content":{"rendered":"<h1><strong>RAP KONFERENZ TOP 20<\/strong><\/h1>\n<p>OLJO Rap Video <strong>Power Play<\/strong> jetzt starten:<br \/>\n<div class=\"clear\"><\/div><div class=\"margin-5b\"><\/div><br \/>\n<iframe loading=\"lazy\" width=\"700\" height=\"394\" src=\"\/\/www.youtube.com\/embed\/videoseries?list=PLmdvqiAEPIdTbBNg-cEjznclAlp17m0mo\" frameborder=\"0\" allowfullscreen><\/iframe><\/p>\n<p><div class=\"clear\"><\/div><div class=\"margin-10b\"><\/div><br \/>\nDie besten und beliebtesten Rap Hits!<br \/>\nDie 20 von deutschsprachigen Besuchern von OLJO.de in der letzten Woche <strong>meistgesehenen Youtube Musikvideos aus dem Musikbereich &#8218;Rap, deutsche K\u00fcnstler&#8216;<\/strong>. Deutsch-, oder englischsprachig, musikgenre\u00fcbergreifend (HipHop, Dance, ggf. Party Schlager).<br \/>\nErmittlungszeitraum ist immer der 7-Tage umfassende Zeitraum beginnend mit Sonntag!<\/p>\n<p>[su_note]<\/p>\n<h2><strong>Die OLJO RAP KONFERENZ TOP 20 Titel in der Einzelauswahl: <\/strong><\/h2>\n<p>Mit Click auf ein Bild rufst du das Video incl. MP3 Link und aktuellem <b>OLJO Tages-Videochart Rang<\/b> und Vorwochen Platzierung auf![\/su_note]<br \/>\n<div class=\"clear\"><\/div><div class=\"margin-10b\"><\/div><\/p>\n<table class=\"footable\">\n<thead>\n<tr>\n<th>Platz<\/th>\n<th><b>Interpret<\/b><br \/>Titel<\/th>\n<th data-hide=\"phone\">MP3\/Video<\/th>\n<\/tr>\n<\/thead>\n<tbody>\n<tr>\n<td>1<\/td>\n<td><b>MARTERIA<\/b><br \/>OMG<\/td>\n<td><a href=\"https:\/\/www.oljo.de\/videos\/MARTERIA-OMG.php\" target=\"_blank\"><img data-recalc-dims=\"1\" loading=\"lazy\" decoding=\"async\" src=\"https:\/\/i0.wp.com\/www.oljo.de\/270vidpic\/MARTEROMG71.jpg?resize=270%2C150&#038;ssl=1\" width=\"270\" height=\"150\" alt=\"\" title=\"\" border=\"0\" \/><\/a><\/td>\n<\/tr>\n<tr>\n<td>2<\/td>\n<td><b>MARTERIA<\/b><br \/>KIDS<\/td>\n<td><a href=\"https:\/\/www.oljo.de\/videos\/MARTERIA-KIDS.php\" target=\"_blank\"><img data-recalc-dims=\"1\" loading=\"lazy\" decoding=\"async\" src=\"https:\/\/i0.wp.com\/www.oljo.de\/270vidpic\/MARTERKIDS83.jpg?resize=270%2C150&#038;ssl=1\" width=\"270\" height=\"150\" alt=\"\" title=\"\" border=\"0\" \/><\/a><\/td>\n<\/tr>\n<tr>\n<td>3<\/td>\n<td><b>FETTES BROT<\/b><br \/>F\u00dcR IMMER IMMER<\/td>\n<td><a href=\"https:\/\/www.oljo.de\/videos\/FETTES-BROT-FUR-IMMER-IMMER.php\" target=\"_blank\"><img data-recalc-dims=\"1\" loading=\"lazy\" decoding=\"async\" src=\"https:\/\/i0.wp.com\/www.oljo.de\/270vidpic\/FETTESFURIMM82.jpg?resize=270%2C150&#038;ssl=1\" width=\"270\" height=\"150\" alt=\"\" title=\"\" border=\"0\" \/><\/a><\/td>\n<\/tr>\n<tr>\n<td>4<\/td>\n<td><b>NAMP<\/b><br \/>LEB<\/td>\n<td><a href=\"https:\/\/www.oljo.de\/videos\/NAMP-LEB.php\" target=\"_blank\"><img data-recalc-dims=\"1\" loading=\"lazy\" decoding=\"async\" src=\"https:\/\/i0.wp.com\/www.oljo.de\/270vidpic\/NAMPLEB66.jpg?resize=270%2C150&#038;ssl=1\" width=\"270\" height=\"150\" alt=\"\" title=\"\" border=\"0\" \/><\/a><\/td>\n<\/tr>\n<tr>\n<td>5<\/td>\n<td><b>SIDO<\/b><br \/>LIEBE<\/td>\n<td><a href=\"https:\/\/www.oljo.de\/videos\/SIDO-LIEBE.php\" target=\"_blank\"><img data-recalc-dims=\"1\" loading=\"lazy\" decoding=\"async\" src=\"https:\/\/i0.wp.com\/www.oljo.de\/270vidpic\/SIDOLIEBE69.jpg?resize=270%2C150&#038;ssl=1\" width=\"270\" height=\"150\" alt=\"\" title=\"\" border=\"0\" \/><\/a><\/td>\n<\/tr>\n<tr>\n<td>6<\/td>\n<td><b>FARID BANG<\/b><br \/>DEIN WEG<\/td>\n<td><a href=\"https:\/\/www.oljo.de\/videos\/FARID-BANG-DEIN-WEG.php\" target=\"_blank\"><img data-recalc-dims=\"1\" loading=\"lazy\" decoding=\"async\" src=\"https:\/\/i0.wp.com\/www.oljo.de\/270vidpic\/FARIDBDEINWE71.jpg?resize=270%2C150&#038;ssl=1\" width=\"270\" height=\"150\" alt=\"\" title=\"\" border=\"0\" \/><\/a><\/td>\n<\/tr>\n<tr>\n<td>7<\/td>\n<td><b>DRUG<\/b><br \/>STERBEN NACH GL\u00dcCKSELIGKEIT<\/td>\n<td><a href=\"https:\/\/www.oljo.de\/videos\/DRUG-STERBEN-NACH-GLUCKSELIGKEIT.php\" target=\"_blank\"><img data-recalc-dims=\"1\" loading=\"lazy\" decoding=\"async\" src=\"https:\/\/i0.wp.com\/www.oljo.de\/270vidpic\/DRUGSTERBE84.jpg?resize=270%2C150&#038;ssl=1\" width=\"270\" height=\"150\" alt=\"\" title=\"\" border=\"0\" \/><\/a><\/td>\n<\/tr>\n<tr>\n<td>8<\/td>\n<td><b>MILONAIR<\/b><br \/>GROSSSTADTDSCHUNGEL<\/td>\n<td><a href=\"https:\/\/www.oljo.de\/videos\/MILONAIR-GROSSSTADTDSCHUNGEL.php\" target=\"_blank\"><img data-recalc-dims=\"1\" loading=\"lazy\" decoding=\"async\" src=\"https:\/\/i0.wp.com\/www.oljo.de\/270vidpic\/MILONAGROSSS76.jpg?resize=270%2C150&#038;ssl=1\" width=\"270\" height=\"150\" alt=\"\" title=\"\" border=\"0\" \/><\/a><\/td>\n<\/tr>\n<tr>\n<td>9<\/td>\n<td><b>ALLIGATOAH<\/b><br \/>WILLST DU<\/td>\n<td><a href=\"https:\/\/www.oljo.de\/videos\/ALLIGATOAH-WILLST-DU.php\" target=\"_blank\"><img data-recalc-dims=\"1\" loading=\"lazy\" decoding=\"async\" src=\"https:\/\/i0.wp.com\/www.oljo.de\/180vidpic\/ALLIGAWILLST85.jpg?resize=270%2C150&#038;ssl=1\" width=\"270\" height=\"150\" alt=\"\" title=\"\" border=\"0\" \/><\/a><\/td>\n<\/tr>\n<tr>\n<td>10<\/td>\n<td><b>MEMO<\/b><br \/>REMEMBER ME<\/td>\n<td><a href=\"https:\/\/www.oljo.de\/videos\/MEMO-REMEMBER-ME.php\" target=\"_blank\"><img data-recalc-dims=\"1\" loading=\"lazy\" decoding=\"async\" src=\"https:\/\/i0.wp.com\/www.oljo.de\/270vidpic\/MEMOREMEMB69.jpg?resize=270%2C150&#038;ssl=1\" width=\"270\" height=\"150\" alt=\"\" title=\"\" border=\"0\" \/><\/a><\/td>\n<\/tr>\n<tr>\n<td>11<\/td>\n<td><b>METRICKZ<\/b><br \/>VALENTINA<\/td>\n<td><a href=\"https:\/\/www.oljo.de\/videos\/METRICKZ-VALENTINA.php\" target=\"_blank\"><img data-recalc-dims=\"1\" loading=\"lazy\" decoding=\"async\" src=\"https:\/\/i0.wp.com\/www.oljo.de\/180vidpic\/METRICVALENT65.jpg?resize=270%2C150&#038;ssl=1\" width=\"270\" height=\"150\" alt=\"\" title=\"\" border=\"0\" \/><\/a><\/td>\n<\/tr>\n<tr>\n<td>12<\/td>\n<td><b>CASPER<\/b><br \/>ALLES ENDET<\/td>\n<td><a href=\"https:\/\/www.oljo.de\/videos\/CASPER-ALLES-ENDET.php\" target=\"_blank\"><img data-recalc-dims=\"1\" loading=\"lazy\" decoding=\"async\" src=\"https:\/\/i0.wp.com\/www.oljo.de\/270vidpic\/CASPERALLESE84.jpg?resize=270%2C150&#038;ssl=1\" width=\"270\" height=\"150\" alt=\"\" title=\"\" border=\"0\" \/><\/a><\/td>\n<\/tr>\n<tr>\n<td>13<\/td>\n<td><b>KOLLEGAH<\/b><br \/>ALPHA<\/td>\n<td><a href=\"https:\/\/www.oljo.de\/videos\/KOLLEGAH-ALPHA.php\" target=\"_blank\"><img data-recalc-dims=\"1\" loading=\"lazy\" decoding=\"async\" src=\"https:\/\/i0.wp.com\/www.oljo.de\/270vidpic\/KOLLEGALPHA65.jpg?resize=270%2C150&#038;ssl=1\" width=\"270\" height=\"150\" alt=\"\" title=\"\" border=\"0\" \/><\/a><\/td>\n<\/tr>\n<tr>\n<td>14<\/td>\n<td><b>BSH<\/b><br \/>JENNIFER<\/td>\n<td><a href=\"https:\/\/www.oljo.de\/videos\/BSH-JENNIFER.php\" target=\"_blank\"><img data-recalc-dims=\"1\" loading=\"lazy\" decoding=\"async\" src=\"https:\/\/i0.wp.com\/www.oljo.de\/270vidpic\/BSHJENNIF82.jpg?resize=270%2C150&#038;ssl=1\" width=\"270\" height=\"150\" alt=\"\" title=\"\" border=\"0\" \/><\/a><\/td>\n<\/tr>\n<tr>\n<td>15<\/td>\n<td><b>BUSHIDO &#038; KOLLEGAH<\/b><br \/>GANGSTA RAP KINGS<\/td>\n<td><a href=\"https:\/\/www.oljo.de\/videos\/BUSHIDO-KOLLEGAH-GANGSTA-RAP-KINGS.php\" target=\"_blank\"><img data-recalc-dims=\"1\" loading=\"lazy\" decoding=\"async\" src=\"https:\/\/i0.wp.com\/www.oljo.de\/270vidpic\/BUSHIDGANGST83.jpg?resize=270%2C150&#038;ssl=1\" width=\"270\" height=\"150\" alt=\"\" title=\"\" border=\"0\" \/><\/a><\/td>\n<\/tr>\n<tr>\n<td>16<\/td>\n<td><b>TOM THALER &#038; BASIL<\/b><br \/>HORIZONT<\/td>\n<td><a href=\"https:\/\/www.oljo.de\/videos\/TOM-THALER-BASIL-HORIZONT.php\" target=\"_blank\"><img data-recalc-dims=\"1\" loading=\"lazy\" decoding=\"async\" src=\"https:\/\/i0.wp.com\/www.oljo.de\/270vidpic\/TOMTHAHORIZO84.jpg?resize=270%2C150&#038;ssl=1\" width=\"270\" height=\"150\" alt=\"\" title=\"\" border=\"0\" \/><\/a><\/td>\n<\/tr>\n<tr>\n<td>17<\/td>\n<td><b>OLEXESH<\/b><br \/>LEBENDIG BEGRABEN<\/td>\n<td><a href=\"https:\/\/www.oljo.de\/videos\/OLEXESH-LEBENDIG-BEGRABEN.php\" target=\"_blank\"><img data-recalc-dims=\"1\" loading=\"lazy\" decoding=\"async\" src=\"https:\/\/i0.wp.com\/www.oljo.de\/270vidpic\/OLEXESLEBEND78.jpg?resize=270%2C150&#038;ssl=1\" width=\"270\" height=\"150\" alt=\"\" title=\"\" border=\"0\" \/><\/a><\/td>\n<\/tr>\n<tr>\n<td>18<\/td>\n<td><b>MUNDWERK-CREW<\/b><br \/>WEISS-BLAUER<\/td>\n<td><a href=\"https:\/\/www.oljo.de\/videos\/MUNDWERKCREW-WEISSBLAUER.php\" target=\"_blank\"><img data-recalc-dims=\"1\" loading=\"lazy\" decoding=\"async\" src=\"https:\/\/i0.wp.com\/www.oljo.de\/270vidpic\/MUNDWEWEISSB82.jpg?resize=270%2C150&#038;ssl=1\" width=\"270\" height=\"150\" alt=\"\" title=\"\" border=\"0\" \/><\/a><\/td>\n<\/tr>\n<tr>\n<td>19<\/td>\n<td><b>DIE FANTASTISCHEN VIER<\/b><br \/>25<\/td>\n<td><a href=\"https:\/\/www.oljo.de\/videos\/DIE-FANTASTISCHEN-VIER-25.php\" target=\"_blank\"><img data-recalc-dims=\"1\" loading=\"lazy\" decoding=\"async\" src=\"https:\/\/i0.wp.com\/www.oljo.de\/270vidpic\/DIEFAN2553.jpg?resize=270%2C150&#038;ssl=1\" width=\"270\" height=\"150\" alt=\"\" title=\"\" border=\"0\" \/><\/a><\/td>\n<\/tr>\n<tr>\n<td>20<\/td>\n<td><b>OLLI BANJO &#038; KOOL SAVAS<\/b><br \/>TR\u00c4UMER<\/td>\n<td><a href=\"https:\/\/www.oljo.de\/videos\/OLLI-BANJO-KOOL-SAVAS-TRAUMER.php\" target=\"_blank\"><img data-recalc-dims=\"1\" loading=\"lazy\" decoding=\"async\" src=\"https:\/\/i0.wp.com\/www.oljo.de\/270vidpic\/OLLIBATRAUME82.jpg?resize=270%2C150&#038;ssl=1\" width=\"270\" height=\"150\" alt=\"\" title=\"\" border=\"0\" \/><\/a><\/td>\n<\/tr>\n<\/tbody>\n<\/table>\n<div class=\"clear\"><\/div><div class=\"margin-10b\"><\/div>\n","protected":false},"excerpt":{"rendered":"<p>RAP KONFERENZ TOP 20 OLJO Rap Video Power Play jetzt starten: Die besten und beliebtesten Rap Hits! Die 20 von deutschsprachigen Besuchern von OLJO.de in der letzten Woche meistgesehenen Youtube&#8230;<\/p>\n","protected":false},"author":2,"featured_media":0,"parent":0,"menu_order":1,"comment_status":"open","ping_status":"closed","template":"wp-trustme\/template-full-width.php","meta":{"footnotes":""},"class_list":["post-9788","page","type-page","status-publish","hentry"],"jetpack-related-posts":[{"id":9779,"url":"https:\/\/www.oljo.de\/blog\/power-play-clubbing-oljo-dance-hits-musikvideos-top-50\/","url_meta":{"origin":9788,"position":0},"title":"Dance &#038; House Top 50 Power Play. Dance Hits aktuell!","author":"OLJO-Team","date":"12. Februar 2014","format":false,"excerpt":"[su_box title=\"OLJO POWER PLAY CLUBBING\" style=\"noise\" box_color=\"#eeeeee\" title_color=\"#111111\" radius=\"5\"]Dance Musikvideo Top 50 der Woche im Endlos-Mix f\u00fcr Deine Party[\/su_box] Dance & House Top 50 Power Mix Woche 9\/2015 by OLJO: Die ultimative und brandaktuelle Dance TOP 50 der von Besuchern von oljo.de an diesem Wochenende (15.02.15 - 21.02.15) meistangesehenen clubtauglichen\u2026","rel":"","context":"\u00c4hnlicher Beitrag","block_context":{"text":"\u00c4hnlicher Beitrag","link":""},"img":{"alt_text":"","src":"","width":0,"height":0},"classes":[]},{"id":9758,"url":"https:\/\/www.oljo.de\/blog\/oljo-promo-voting\/","url_meta":{"origin":9788,"position":1},"title":"OLJO Promo Voting","author":"OLJO-Team","date":"12. Februar 2014","format":false,"excerpt":"Schnellvorstellung der Videos, \u00fcber die Du freundlicherweise ein Abstimmungsurteil f\u00e4llen k\u00f6nntes: Die Videos in einer jeweils 40 Sekunden Kurzvorstellung: https:\/\/www.youtube.com\/watch?v=SVwc5mohFmA&list=PLmdvqiAEPIdRtiwF_DsCed6e8XAA9R0BZ (( VOTING )) Du kannst f\u00fcr bis zu 2 Tracks stimmen!! Dein Fachurteil ist gefragt; Welches dieser Videos hat Deiner Einsch\u00e4tzung nach die vielleicht besten Aussichten ein 'Promo-Erfolg' auf oljo.de\u2026","rel":"","context":"\u00c4hnlicher Beitrag","block_context":{"text":"\u00c4hnlicher Beitrag","link":""},"img":{"alt_text":"","src":"https:\/\/i0.wp.com\/img.youtube.com\/vi\/PLmdvqiAEPIdRtiwF_DsCed6e8XAA9R0BZ\/0.jpg?resize=350%2C200","width":350,"height":200},"classes":[]},{"id":9626,"url":"https:\/\/www.oljo.de\/blog\/deutsche-musik-stars-2014-meiste-facebook-likes-januar2014\/","url_meta":{"origin":9788,"position":2},"title":"Deutsche Musik Stars mit meisten Facebook Likes 2014 \/ Januar","author":"OLJO-Team","date":"30. Januar 2014","format":false,"excerpt":"OLJO pr\u00e4sentiert die offizielle Liste: bei Facebook beliebteste deutsche Musik Stars 2014 (Januar 2014) Stand der Datenerhebung ist der 29.01.2014. Beliebtheitsma\u00dfstab ist die Zahl der auf den jeweiligen offiziellen Profilen von Facebook angegeben Zahl der 'Likes'. Aktivit\u00e4tsindex: Grundlage ist der 'sprechen dar\u00fcber Wert' in der Woche 24.01. bis 30.01.14: Die\u2026","rel":"","context":"\u00c4hnlicher Beitrag","block_context":{"text":"\u00c4hnlicher Beitrag","link":""},"img":{"alt_text":"","src":"","width":0,"height":0},"classes":[]},{"id":9737,"url":"https:\/\/www.oljo.de\/blog\/neue-videos-power-play-fresh-beats-whoaa\/","url_meta":{"origin":9788,"position":3},"title":"Neue Videos Power Mix","author":"OLJO-Team","date":"12. Februar 2014","format":false,"excerpt":"[su_note]Hier die Top 20 Fresh Hit Liste in der Einzel\u00fcbersicht: [\/su_note] Platz InterpretTitel MP3\/Video 1 ANNENMAYKANTEREITBARFUSS AM KLAVIER 2 CHRISTIAN STEIFFENICH HAB DIR DEN MOND GEKAUFT 3 JAY LOVEMY FAVOURITE GIRL 4 TLXMOCO VAI 5 ANNENMAYKANTEREITOFT GEFRAGT 6 SOPHIE SILVAAI AI 7 CIREVOCE ME ENGANA 8 WIENER BLONDKAANA WAAS WARUM\u2026","rel":"","context":"\u00c4hnlicher Beitrag","block_context":{"text":"\u00c4hnlicher Beitrag","link":""},"img":{"alt_text":"","src":"https:\/\/i0.wp.com\/www.oljo.de\/270vidpic\/ANNENMBARFUS82.jpg?resize=350%2C200&ssl=1","width":350,"height":200},"classes":[]},{"id":7281,"url":"https:\/\/www.oljo.de\/blog\/oljo-blog-allzeit-top30-news\/","url_meta":{"origin":9788,"position":4},"title":"Top 30 Allzeit News","author":"OLJO-Team","date":"3. Mai 2012","format":false,"excerpt":"Hier die Liste der von den Besuchern des OLJO Blogs (https:\/\/www.oljo.de\/blog) meistgelesenen Newsartikel ever (Zeitraum 01.01.2009 bis 02.05.2012), sowie eine kleine Besucherstatistik. In dem genannten Zeitraum vermittelte OLJO Blog insgesamt 4.255.127 Seitenaufrufe. Herkunft der Besucher, die Seiten beim OLJO Blog mindestens 1 Seite aufgerufen haben: 87,1% stammten aus Deutschland, 3,5%\u2026","rel":"","context":"\u00c4hnlicher Beitrag","block_context":{"text":"\u00c4hnlicher Beitrag","link":""},"img":{"alt_text":"","src":"","width":0,"height":0},"classes":[]},{"id":6,"url":"https:\/\/www.oljo.de\/blog\/about\/","url_meta":{"origin":9788,"position":5},"title":"Das OLJO-Team","author":"OLJO-Team","date":"12. April 2007","format":false,"excerpt":"Hallo, hier ist das OLJO-Team. Mittlerweile arbeiten mehrere Personen an diesem Blog. Beitr\u00e4ge schreiben f\u00fcr das Team im Kollektiv: Sandra, Lars z.Zt. inaktiv, Dean und Olaf. Ab Februar 2010 fest im Team auch Susanne und Malte. Kommentarverwaltung und Gegenlesen: Dean, Sandra und Olaf. Offizieller Inhaber des Blogs ist Olaf. Wir\u2026","rel":"","context":"In &quot;Vermischtes&quot;","block_context":{"text":"Vermischtes","link":"https:\/\/www.oljo.de\/blog\/themen\/vermischtes\/"},"img":{"alt_text":"","src":"","width":0,"height":0},"classes":[]}],"jetpack_sharing_enabled":true,"_links":{"self":[{"href":"https:\/\/www.oljo.de\/blog\/wp-json\/wp\/v2\/pages\/9788","targetHints":{"allow":["GET"]}}],"collection":[{"href":"https:\/\/www.oljo.de\/blog\/wp-json\/wp\/v2\/pages"}],"about":[{"href":"https:\/\/www.oljo.de\/blog\/wp-json\/wp\/v2\/types\/page"}],"author":[{"embeddable":true,"href":"https:\/\/www.oljo.de\/blog\/wp-json\/wp\/v2\/users\/2"}],"replies":[{"embeddable":true,"href":"https:\/\/www.oljo.de\/blog\/wp-json\/wp\/v2\/comments?post=9788"}],"version-history":[{"count":0,"href":"https:\/\/www.oljo.de\/blog\/wp-json\/wp\/v2\/pages\/9788\/revisions"}],"wp:attachment":[{"href":"https:\/\/www.oljo.de\/blog\/wp-json\/wp\/v2\/media?parent=9788"}],"curies":[{"name":"wp","href":"https:\/\/api.w.org\/{rel}","templated":true}]}}